{"id":588,"date":"2023-07-11T10:46:08","date_gmt":"2023-07-11T08:46:08","guid":{"rendered":"https:\/\/stiftung-hilfreich.de\/?page_id=588"},"modified":"2023-07-11T12:52:56","modified_gmt":"2023-07-11T10:52:56","slug":"projekte-2023","status":"publish","type":"page","link":"https:\/\/stiftung-hilfreich.de\/?page_id=588","title":{"rendered":"Projekte 2023"},"content":{"rendered":"<p><img loading=\"lazy\" decoding=\"async\" src=\"https:\/\/stiftung-hilfreich.de\/wp-content\/uploads\/haende.jpg\" width=\"1170\" height=\"100\" \/><\/p>\n<h3><span style=\"color: #dd5a27;\">Trauern, Weg finden und helfen geht zusammen leichter<\/span><\/h3>\n<p>2023 werden folgende Projekte unterst\u00fctzt:<\/p>\n<ul style=\"line-height: 85%;\">\n<li>ein Trauercaf\u00e9 vom AWO-Nachbarschaftsladen BS-Heidberg<\/li>\n<li>Jung und Alt absolvieren Wege in Teams<\/li>\n<li>Abwechslung in der K\u00f6rperbelastung mithilfe fahrbarer Sessel<\/li>\n<\/ul>\n<h4><span style=\"color: #dd5a27;\">Gemeinsames Trauern \u00fcber l\u00e4ngere Zeit<\/span><\/h4>\n<p><img loading=\"lazy\" decoding=\"async\" src=\"https:\/\/stiftung-hilfreich.de\/wp-content\/uploads\/lp-4-leer-gr\u00fcn.jpg\" alt=\"Symbol gr\u00fcne Hand Fingerfarben\" width=\"74\" height=\"74\" class=\"alignleft size-full wp-image-148\" \/>Der von der AWO organisierte\/getragene <a href=\"https:\/\/awo-bs.de\/quartiersarbeit\/nachbarschaftsladen-heidberg.html\" rel=\"noopener noreferrer\" target=\"_blank\"><span style=\"background-color: #7ab018; color: #000000;\">Nachbarschaftsladen im Braunschweiger Ortsteil Heidberg &#x2197;<\/span><\/a> erweitert sein Programm um das Angebot eines <strong>Trauercaf\u00e9s<\/strong>. Nach dem Tod eines geliebten nahestehenden Menschen, f\u00fchlen sich die Hinterbliebenen verwundet und eine Heilung braucht Zeit. Kurz nach einem Tod erf\u00e4hrt der-\/diejenige Unterst\u00fctzung, die aber zu schnell abebbt, denn der Alltag geht f\u00fcr die Umgebung schnell weiter. Die Trauernden erleben aber l\u00e4ngere Zeit ein Wechselbad der Gef\u00fchle, nicht nur von Trauer. F\u00fcr sie ist das Angebot eines Trauercaf\u00e9s gedacht, eine Gruppe von Personen, die sich ein Mal im Monat trifft und \u00fcber ihre Situation sprechen. Wir haben uns an der Finanzierung \u00fcber ein Jahr beteiligt und w\u00fcnschen dem Angebot nachhaltigen Erfolg.\n<\/p>\n<h4><span style=\"color: #dd5a27;\">Pfad finden! Orientierung in mehrfacher Hinsicht<\/span><\/h4>\n<p><img loading=\"lazy\" decoding=\"async\" src=\"https:\/\/stiftung-hilfreich.de\/wp-content\/uploads\/lp-09-spiral-gr\u00fcn.jpg\" alt=\"Symbol gr\u00fcne Spiral Hand\" width=\"74\" height=\"74\" class=\"alignright size-full wp-image-168\" \/>Doch, es gibt sie auch heute, Pfadfinder. Nicht nur Tick, Trick und Track aus einem bekannten Comic-Heft. Hier in Braunschweig hat sich 2010 der Pfadfinder-Stamm <i>Posten 431<\/i> der Gemeinde Ecclesia gegr\u00fcndet. Dort entstand vor nicht allzu langer Zeit die Idee, Jung und &#8222;Alt&#8220; gemeinsam an schaffbaren Aufgaben arbeiten zu lassen, um sich gegenseitig zu orientieren und unterst\u00fctzen durch Erfahrung, Vorbild &#038; Energie. Junge Pfadfinder zwischen 6 und 12 Jahren bilden Teams mit Senior*Innen  des Pflege- und Blindenheim Haus Eichenpark aus der Nachbarschaft. Jeweils ein Kind und ein Erwachsener m\u00fcssen gemeinsam einen vorher festgelegenen Parcours hinter sich bringen. Der junge Mensch und der \u00e4ltere k\u00f6nnen es zusammen viel leichter und auch schneller (worauf es nicht ankommt) absolvieren, denn der eine hat mehr Kraft und gr\u00f6\u00dfere Sinneskraft, der andere hat vielleicht schon Schwierigkeiten, sich fortzubewegen, hat daf\u00fcr aber wertvolle Erfahrungen, wie man sich orientiert, auch bei Schwierigkeiten durchh\u00e4lt und kann motivieren. Das ist ein Projekt im Rahmen des Giving Circle von der B\u00fcrgerstiftung Braunschweig und f\u00fcr die Stiftung Hilfreich passt es 100 prozentig, denn die Stiftung Hilfreich hat sich der Verst\u00e4ndigung von Jung und Alt verschrieben! Dann w\u00fcnschen wir (frei formuliert) <i>Gut Pfad<\/i>!\n<\/p>\n<h4><span style=\"color: #dd5a27;\">Abwechslung im Sitzen<\/span><\/h4>\n<p><img loading=\"lazy\" decoding=\"async\" src=\"https:\/\/stiftung-hilfreich.de\/wp-content\/uploads\/lp-11-voll-gr\u00fcn.jpg\" alt=\"Symbol Gr\u00fcne Hand voll\" width=\"74\" height=\"74\" class=\"alignleft size-full wp-image-170\" \/>Traurige Tatsache ist, dass menschliches Leben einfach begrenzt ist. Um bei einem sich abzeichnenden Ende Erleichterung bieten zu k\u00f6nnen, gibt es (palliativ arbeitende) Hospize. F\u00fcr Menschen, die sich selber nur noch schwer oder gar nicht selber bewegen k\u00f6nnen, gibt es in der Regel nur zwei M\u00f6glichkeiten, entweder im Bett zu liegen oder im Rollstuhl transportiert, noch einmal umgelagert zu werden in einen Sessel und dort zu sitzen. Andererseits gibt es die Gefahr von Druckstellen, wenn nicht regelm\u00e4\u00dfig umgelagert wird. Eine gute Unterst\u00fctzung f\u00fcr den Hospizgast und das Personal bietet ein &#8222;erweiterter&#8220; Rollstuhl, ein sogenannter Ruhesessel. Der hat Rollen, mit der der Sterbende vom Bett-Zimmer in einen Gemeinschaftsraum gebracht werden kann. Und er hat eine hohe R\u00fcckenlehne, welche in verschiedenen Positionen nach hinten gekippt werden kann. Wir haben die Anschaffung von 2 dieser Sessel im Hospiz Wolfenb\u00fcttel gef\u00f6rdert und konnten ein klein wenig bei einem w\u00fcrdigen Ende helfen. Danke f\u00fcr die Arbeit des Hospiz und dessen Mitarbeiter.<\/p>\n","protected":false},"excerpt":{"rendered":"<p>Trauern, Weg finden und helfen geht zusammen leichter 2023 werden folgende Projekte unterst\u00fctzt: ein Trauercaf\u00e9 vom AWO-Nachbarschaftsladen BS-Heidberg Jung und Alt absolvieren Wege in Teams Abwechslung in der K\u00f6rperbelastung mithilfe fahrbarer Sessel Gemeinsames Trauern \u00fcber l\u00e4ngere Zeit Der von der AWO organisierte\/getragene Nachbarschaftsladen im Braunschweiger Ortsteil Heidberg &#x2197; erweitert sein Programm um das Angebot eines &hellip; <\/p>\n<p><a class=\"more-link btn\" href=\"https:\/\/stiftung-hilfreich.de\/?page_id=588\">Weiterlesen<\/a><\/p>\n","protected":false},"author":1,"featured_media":0,"parent":0,"menu_order":0,"comment_status":"closed","ping_status":"closed","template":"","meta":{"footnotes":""},"class_list":["post-588","page","type-page","status-publish","hentry","nodate","item-wrap"],"_links":{"self":[{"href":"https:\/\/stiftung-hilfreich.de\/index.php?rest_route=\/wp\/v2\/pages\/588","targetHints":{"allow":["GET"]}}],"collection":[{"href":"https:\/\/stiftung-hilfreich.de\/index.php?rest_route=\/wp\/v2\/pages"}],"about":[{"href":"https:\/\/stiftung-hilfreich.de\/index.php?rest_route=\/wp\/v2\/types\/page"}],"author":[{"embeddable":true,"href":"https:\/\/stiftung-hilfreich.de\/index.php?rest_route=\/wp\/v2\/users\/1"}],"replies":[{"embeddable":true,"href":"https:\/\/stiftung-hilfreich.de\/index.php?rest_route=%2Fwp%2Fv2%2Fcomments&post=588"}],"version-history":[{"count":57,"href":"https:\/\/stiftung-hilfreich.de\/index.php?rest_route=\/wp\/v2\/pages\/588\/revisions"}],"predecessor-version":[{"id":646,"href":"https:\/\/stiftung-hilfreich.de\/index.php?rest_route=\/wp\/v2\/pages\/588\/revisions\/646"}],"wp:attachment":[{"href":"https:\/\/stiftung-hilfreich.de\/index.php?rest_route=%2Fwp%2Fv2%2Fmedia&parent=588"}],"curies":[{"name":"wp","href":"https:\/\/api.w.org\/{rel}","templated":true}]}}