{"id":55,"date":"2017-12-14T11:22:52","date_gmt":"2017-12-14T11:22:52","guid":{"rendered":"http:\/\/stiftung-hilfreich.de\/?page_id=55"},"modified":"2018-03-15T14:20:55","modified_gmt":"2018-03-15T14:20:55","slug":"impressum","status":"publish","type":"page","link":"https:\/\/stiftung-hilfreich.de\/?page_id=55","title":{"rendered":"Impressum\/Datenschutz"},"content":{"rendered":"<h3><span style=\"color: #dd5a27;\">Impressum<\/span><\/h3>\n<p><span style=\"color: #fdb72c;\"><strong>Herausgeber<\/strong><\/span><br \/>\n<span style=\"color: #16479f;\">Stiftung Hilfreich<\/span><br \/>\n<span style=\"color: #16479f;\">c\/o B\u00fcrgerstiftung Braunschweig<\/span><br \/>\n<span style=\"color: #16479f;\"> L\u00f6wenwall 16<\/span><br \/>\n<span style=\"color: #16479f;\"> 38100 Braunschweig<br \/>\n<\/span><span style=\"color: #16479f;\">Fon: 0531 &#8211; 48 20 24 00<br \/>\nFax: 0531 &#8211; 48 20 24 42<\/span><br \/>\n<span style=\"color: #16479f;\"> <a style=\"color: #16479f;\" href=\"https:\/\/buergerstiftungbraunschweig.de\" target=\"_blank\" rel=\"noopener\">www.buergerstiftung-braunschweig.de<\/a><\/span><br \/>\n<span style=\"color: #16479f;\"> <a style=\"color: #16479f;\" href=\"mailto:info@buergerstiftung-braunschweig.de\" target=\"_blank\" rel=\"noopener\">info@buergerstiftung-braunschweig<\/a><\/span><\/p>\n<p><span style=\"color: #fdb72c;\"><strong>Konzeption, Design und technische Umsetzung<\/strong><\/span><br \/>\n<span style=\"color: #16479f;\">Malte K\u00e4ferhaus<\/span><br \/>\n<span style=\"color: #16479f;\">Die Bilder auf dieser Website entstammen dem Archiv der B\u00fcrgerstiftung Braunschweig und der Bilddatenbank <\/span><span style=\"color: #16479f;\">Shutterstock.<\/span><\/p>\n<p><span style=\"color: #fdb72c;\"><strong>Urheberrecht<\/strong><\/span><br \/>\n<span style=\"color: #16479f;\">Copyright (c) 2017, Stiftung Hilfreich. Alle Rechte vorbehalten.<\/span><br \/>\n<span style=\"color: #16479f;\">Alle Inhalte der Internetpr\u00e4senz der Stiftung Hilfreich sind urheberrechtlich gesch\u00fctzt. F\u00fcr die Vervielf\u00e4ltigung, Bearbeitung, \u00dcbersetzung, Einspeicherung, Verarbeitung bzw. Weitergabe von Inhalten in Datenbanken oder anderen elektronischen Medien und Systeme muss die Zustimmung des Urhebers eingeholt werden.<\/span><br \/>\n<span style=\"color: #16479f;\">Wir gestatten ausdr\u00fccklich Zitate unserer Dokumente und Internetseiten und freuen uns, wenn Sie auf unsere Seiten verlinken.<\/span><\/p>\n<p><span style=\"color: #fdb72c;\"><strong>Haftung<\/strong><\/span><br \/>\n<span style=\"color: #16479f;\">Die Stiftung Hilfreich versucht die Richtigkeit und Aktualit\u00e4t der auf dieser Internetpr\u00e4senz bereitgestellten Informationen zu gew\u00e4hrleisten. Die Stiftung Hilfreich \u00fcbernimmt deshalb keine Gew\u00e4hr f\u00fcr die Aktualit\u00e4t, Richtigkeit, Vollst\u00e4ndigkeit oder Qualit\u00e4t der ver\u00f6ffentlichten Informationen. F\u00fcr Sch\u00e4den materieller oder immaterieller Art, die durch die Nutzung oder Nichtnutzung der dargebotenen Informationen unmittelbar oder mittelbar verursacht werden, haftet die Stiftung Hilfreich nicht, sofern ihr nicht vors\u00e4tzliches oder grob fahrl\u00e4ssiges Verhalten angelastet werden kann. Die Stiftung Hilfreich beh\u00e4lt es sich vor, Teile des Internet-Angebots ohne Vorank\u00fcndigung zu ver\u00e4ndern, zu erg\u00e4nzen, zu l\u00f6schen oder die Ver\u00f6ffentlichung zeitweise oder endg\u00fcltig aus dem Internet zu entfernen. Die Verantwortlichkeit f\u00fcr die Inhalte fremder Anbieter, die beispielsweise durch direkte oder indirekte Verkn\u00fcpfungen (z.B. Links) zu anderen Anbietern bereitgehalten werden, setzt unter anderem die Kenntnis des rechtswidrigen bzw. strafbaren Inhalts voraus. Die Stiftung Hilfreich hat keine Kenntnis \u00fcber rechtswidrige oder anst\u00f6\u00dfige Inhalte auf den mit ihrer Internetpr\u00e4senz verbundenn Seiten fremder Anbieter. Sollten auf den verkn\u00fcpften Seiten fremder Anbieter dennoch rechtswidrige oder anst\u00f6\u00dfige Inhalte enthalten sein, so distanziert sich die Stiftung Hilfreich von diesen Inhalten ausdr\u00fccklich.<\/span><\/p>\n<h3><span style=\"color: #dd5a27;\">Datenschutzerkl\u00e4rung<\/span><\/h3>\n<p><span style=\"color: #fdb72c;\"><strong>Datenschutz<\/strong><\/span><br \/>\n<span style=\"color: #16479f;\">Die Betreiber dieser Seiten nehmen den Schutz Ihrer pers\u00f6nlichen Daten sehr ernst. Wir behandeln Ihre personenbezogenen Daten vertraulich und entsprechend der gesetzlichen Datenschutzvorschriften sowie dieser Datenschutzerkl\u00e4rung.<\/span><\/p>\n<p><span style=\"color: #16479f;\">Die Nutzung unserer Webseite ist in der Regel ohne Angabe personenbezogener Daten m\u00f6glich. Soweit auf unseren Seiten personenbezogene Daten (beispielsweise Name, Anschrift oder E-Mail-Adressen) erhoben werden, erfolgt dies, soweit m\u00f6glich, stets auf freiwilliger Basis. Diese Daten werden ohne Ihre ausdr\u00fcckliche Zustimmung nicht an Dritte weitergegeben.<\/span><\/p>\n<p><span style=\"color: #16479f;\">Wir weisen darauf hin, dass die Daten\u00fcbertragung im Internet (z.B. bei der Kommunikation per E-Mail) Sicherheitsl\u00fccken aufweisen kann. Ein l\u00fcckenloser Schutz der Daten vor dem Zugriff durch Dritte ist nicht m\u00f6glich.<\/span><\/p>\n<p><span style=\"color: #fdb72c;\"><strong>Cookies<\/strong><\/span><br \/>\n<span style=\"color: #16479f;\">Die Internetseiten verwenden teilweise so genannte Cookies. Cookies richten auf Ihrem Rechner keinen Schaden an und enthalten keine Viren. Cookies dienen dazu, unser Angebot nutzerfreundlicher, effektiver und sicherer zu machen. Cookies sind kleine Textdateien, die auf Ihrem Rechner abgelegt werden und die Ihr Browser speichert.<\/span><\/p>\n<p><span style=\"color: #16479f;\">Die meisten der von uns verwendeten Cookies sind so genannte \u201eSession-Cookies\u201c. Sie werden nach Ende Ihres Besuchs automatisch gel\u00f6scht. Andere Cookies bleiben auf Ihrem Endger\u00e4t gespeichert, bis Sie diese l\u00f6schen. Diese Cookies erm\u00f6glichen es uns, Ihren Browser beim n\u00e4chsten Besuch wiederzuerkennen.<\/span><\/p>\n<p><span style=\"color: #16479f;\">Sie k\u00f6nnen Ihren Browser so einstellen, dass Sie \u00fcber das Setzen von Cookies informiert werden und Cookies nur im Einzelfall erlauben, die Annahme von Cookies f\u00fcr bestimmte F\u00e4lle oder generell ausschlie\u00dfen sowie das automatische L\u00f6schen der Cookies beim Schlie\u00dfen des Browser aktivieren. Bei der Deaktivierung von Cookies kann die Funktionalit\u00e4t dieser Website eingeschr\u00e4nkt sein.<\/span><\/p>\n<p><span style=\"color: #fdb72c;\"><strong>Server-Log-Files<\/strong><\/span><br \/>\n<span style=\"color: #16479f;\">Der Provider der Seiten erhebt und speichert automatisch Informationen in so genannten Server-Log Files, die Ihr Browser automatisch an uns \u00fcbermittelt. Dies sind:<\/span><\/p>\n<ul>\n<li><span style=\"color: #16479f;\">Browsertyp und Browserversion<\/span><\/li>\n<li><span style=\"color: #16479f;\">verwendetes Betriebssystem<\/span><\/li>\n<li><span style=\"color: #16479f;\">Referrer URL<\/span><\/li>\n<li><span style=\"color: #16479f;\">Hostname des zugreifenden Rechners<\/span><\/li>\n<li><span style=\"color: #16479f;\">Uhrzeit der Serveranfrage<\/span><\/li>\n<\/ul>\n<p><span style=\"color: #16479f;\">Diese Daten sind nicht bestimmten Personen zuordenbar. Eine Zusammenf\u00fchrung dieser Daten mit anderen Datenquellen wird nicht vorgenommen. Wir behalten uns vor, diese Daten nachtr\u00e4glich zu pr\u00fcfen, wenn uns konkrete Anhaltspunkte f\u00fcr eine rechtswidrige Nutzung bekannt werden.<\/span><\/p>\n<p><span style=\"color: #fdb72c;\"><strong>Kontaktformular<\/strong><\/span><br \/>\n<span style=\"color: #16479f;\">Wenn Sie uns per Kontaktformular Anfragen zukommen lassen, werden Ihre Angaben aus dem Anfrageformular inklusive der von Ihnen dort angegebenen Kontaktdaten zwecks Bearbeitung der Anfrage und f\u00fcr den Fall von Anschlussfragen bei uns gespeichert. Diese Daten geben wir nicht ohne Ihre Einwilligung weiter.<\/span><\/p>\n<p><span style=\"color: #fdb72c;\"><strong>Newsletterdaten<\/strong><\/span><br \/>\n<span style=\"color: #16479f;\">Wenn Sie den auf der Website angebotenen Newsletter beziehen m\u00f6chten, ben\u00f6tigen wir von Ihnen eine E-Mail-Adresse sowie Informationen, welche uns die \u00dcberpr\u00fcfung gestatten, dass Sie der Inhaber der angegebenen E-Mail-Adresse sind und mit dem Empfang des Newsletters einverstanden sind. Weitere Daten werden nicht erhoben. Diese Daten verwenden wir ausschlie\u00dflich f\u00fcr den Versand der angeforderten Informationen und geben sie nicht an Dritte weiter.<\/span><\/p>\n<p><span style=\"color: #16479f;\">Die erteilte Einwilligung zur Speicherung der Daten, der E-Mail-Adresse sowie deren Nutzung zum Versand des Newsletters k\u00f6nnen Sie jederzeit widerrufen, etwa \u00fcber den \u201eAustragen\u201c-Link im Newsletter.<\/span><\/p>\n<p><span style=\"color: #fdb72c;\"><strong>Google Analytics<\/strong><\/span><br \/>\n<span style=\"color: #16479f;\">Diese Website nutzt Funktionen des Webanalysedienstes Google Analytics. Anbieter ist die Google Inc., 1600 Amphitheatre Parkway Mountain View, CA 94043, USA.<\/span><\/p>\n<p><span style=\"color: #16479f;\">Google Analytics verwendet so genannte \u201eCookies\u201c. Das sind Textdateien, die auf Ihrem Computer gespeichert werden und die eine Analyse der Benutzung der Website durch Sie erm\u00f6glichen. Die durch den Cookie erzeugten Informationen \u00fcber Ihre Benutzung dieser Website werden in der Regel an einen Server von Google in den USA \u00fcbertragen und dort gespeichert.<\/span><\/p>\n<p><span style=\"color: #ff0000;\"><strong>Browser Plugin<\/strong><\/span><br \/>\n<span style=\"color: #16479f;\">Sie k\u00f6nnen die Speicherung der Cookies durch eine entsprechende Einstellung Ihrer Browser-Software<\/span><br \/>\n<span style=\"color: #16479f;\"> verhindern; wir weisen Sie jedoch darauf hin, dass Sie in diesem Fall gegebenenfalls nicht s\u00e4mtliche<\/span><br \/>\n<span style=\"color: #16479f;\"> Funktionen dieser Website vollumf\u00e4nglich werden nutzen k\u00f6nnen. Sie k\u00f6nnen dar\u00fcber hinaus die Erfassung der durch den Cookie erzeugten und auf Ihre Nutzung der Website bezogenen Daten (inkl. Ihrer IP-Adresse) an Google sowie die Verarbeitung dieser Daten durch Google verhindern, indem Sie das unter dem folgenden Link verf\u00fcgbare Browser-Plugin herunterladen und installieren: <a style=\"color: #16479f;\" href=\"https:\/\/tools.google.com\/dlpage\/gaoptout?hl=de\" target=\"_blank\" rel=\"noopener\">https:\/\/tools.google.com\/dlpage\/gaoptout?hl=de<\/a><\/span><\/p>\n<p><span style=\"color: #ff0000;\"><strong>Widerspruch gegen Datenerfassung<\/strong><\/span><br \/>\n<span style=\"color: #16479f;\">Sie k\u00f6nnen die Erfassung Ihrer Daten durch Google Analytics verhindern, indem Sie auf folgenden Link klicken. Es wird ein Opt-Out-Cookie gesetzt, der die Erfassung Ihrer Daten bei zuk\u00fcnftigen Besuchen dieser Website verhindert: <a style=\"color: #16479f;\" href=\"https:\/\/tools.google.com\/dlpage\/gaoptout?hl=de\" target=\"_blank\" rel=\"noopener\">Google Analytics deaktivieren<\/a><\/span><\/p>\n<p><span style=\"color: #16479f;\">Mehr Informationen zum Umgang mit Nutzerdaten bei Google Analytics finden Sie in der Datenschutzerkl\u00e4rung von Google:<\/span><br \/>\n<span style=\"color: #16479f;\"> <a style=\"color: #16479f;\" href=\"https:\/\/support.google.com\/analytics\/answer\/6004245?hl=de\" target=\"_blank\" rel=\"noopener\">https:\/\/support.google.com\/analytics\/answer\/6004245?hl=de<\/a><\/span><\/p>\n<p><span style=\"color: #fdb72c;\"><strong>Facebook-Plugins (Like-Button)<\/strong><\/span><br \/>\n<span style=\"color: #16479f;\">Auf unseren Seiten sind Plugins des sozialen Netzwerks Facebook, Anbieter Facebook Inc., 1 Hacker Way, Menlo Park, California 94025, USA, integriert. Die Facebook-Plugins erkennen Sie an dem Facebook-Logo oder dem \u201eLike-Button\u201c (\u201eGef\u00e4llt mir\u201c) auf unserer Seite. Eine \u00dcbersicht \u00fcber die Facebook-Plugins finden Sie hier: <a style=\"color: #16479f;\" href=\"https:\/\/developers.facebook.com\/docs\/plugins\/\" target=\"_blank\" rel=\"noopener\">https:\/\/developers.facebook.com\/docs\/plugins\/<\/a>.<\/span><\/p>\n<p><span style=\"color: #16479f;\">Wenn Sie unsere Seiten besuchen, wird \u00fcber das Plugin eine direkte Verbindung zwischen Ihrem Browser und dem Facebook-Server hergestellt. Facebook erh\u00e4lt dadurch die Information, dass Sie mit Ihrer IPAdresse unsere Seite besucht haben. Wenn Sie den Facebook \u201eLike-Button\u201c anklicken w\u00e4hrend Sie<\/span><br \/>\n<span style=\"color: #16479f;\"> in Ihrem Facebook-Account eingeloggt sind, k\u00f6nnen Sie die Inhalte unserer Seiten auf Ihrem Facebook-Profil verlinken. Dadurch kann Facebook den Besuch unserer Seiten Ihrem Benutzerkonto zuordnen. Wir weisen darauf hin, dass wir als Anbieter der Seiten keine Kenntnis vom Inhalt der \u00fcbermittelten Daten sowie deren Nutzung durch Facebook erhalten. Weitere Informationen hierzu finden Sie in der Datenschutzerkl\u00e4rung von Facebook unter <a style=\"color: #16479f;\" href=\"https:\/\/de-de.facebook.com\/policy.php\" target=\"_blank\" rel=\"noopener\">https:\/\/de-de.facebook.com\/policy.php<\/a>.<\/span><\/p>\n<p><span style=\"color: #16479f;\">Wenn Sie nicht w\u00fcnschen, dass Facebook den Besuch unserer Seiten Ihrem Facebook-Nutzerkonto zuordnen kann, loggen Sie sich bitte aus Ihrem Facebook-Benutzerkonto aus.<\/span><\/p>\n<p><span style=\"color: #fdb72c;\"><strong>SSL-Verschl\u00fcsselung<\/strong><\/span><br \/>\n<span style=\"color: #16479f;\">Diese Seite nutzt aus Gr\u00fcnden der Sicherheit und zum Schutz der \u00dcbertragung vertraulicher Inhalte, wie zum Beispiel der Anfragen, die Sie an uns als Seitenbetreiber senden, eine SSL-Verschl\u00fcsselung. Eine verschl\u00fcsselte Verbindung erkennen Sie daran, dass die Adresszeile des Browsers von \u201ehttp:\/\/\u201c auf \u201ehttps:\/\/\u201c wechselt und an dem Schloss-Symbol in Ihrer Browserzeile.<\/span><\/p>\n<p><span style=\"color: #16479f;\">Wenn die SSL Verschl\u00fcsselung aktiviert ist, k\u00f6nnen die Daten, die Sie an uns \u00fcbermitteln, nicht von Dritten mitgelesen werden.<\/span><\/p>\n<p><span style=\"color: #fdb72c;\"><strong>Recht auf Auskunft, L\u00f6schung, Sperrung<\/strong><\/span><br \/>\n<span style=\"color: #16479f;\">Sie haben jederzeit das Recht auf unentgeltliche Auskunft \u00fcber Ihre gespeicherten personenbezogenen Daten, deren Herkunft und Empf\u00e4nger und den Zweck der Datenverarbeitung sowie ein Recht auf Berichtigung, Sperrung oder L\u00f6schung dieser Daten. Hierzu sowie zu weiteren Fragen zum Thema personenbezogene Daten k\u00f6nnen Sie sich jederzeit unter der im Impressum angegebenen Adresse an uns wenden.<\/span><\/p>\n<p><span style=\"color: #fdb72c;\"><strong>Widerspruch Werbe-Mails<\/strong><\/span><br \/>\n<span style=\"color: #16479f;\">Der Nutzung von im Rahmen der Impressumspflicht ver\u00f6ffentlichten Kontaktdaten zur \u00dcbersendung von nicht ausdr\u00fccklich angeforderter Werbung und Informationsmaterialien wird hiermit widersprochen. Die<\/span><br \/>\n<span style=\"color: #16479f;\"> Betreiber der Seiten behalten sich ausdr\u00fccklich rechtliche Schritte im Falle der unverlangten Zusendung von Werbeinformationen, etwa durch Spam-E-Mails, vor.<\/span><\/p>\n<p><span style=\"color: #16479f;\">Quelle: <a style=\"color: #16479f;\" href=\"https:\/\/www.e-recht24.de\" target=\"_blank\" rel=\"noopener\">https:\/\/www.e-recht24.de<\/a><\/span><\/p>\n","protected":false},"excerpt":{"rendered":"<p>Impressum Herausgeber Stiftung Hilfreich c\/o B\u00fcrgerstiftung Braunschweig L\u00f6wenwall 16 38100 Braunschweig Fon: 0531 &#8211; 48 20 24 00 Fax: 0531 &#8211; 48 20 24 42 www.buergerstiftung-braunschweig.de info@buergerstiftung-braunschweig Konzeption, Design und technische Umsetzung Malte K\u00e4ferhaus Die Bilder auf dieser Website entstammen dem Archiv der B\u00fcrgerstiftung Braunschweig und der Bilddatenbank Shutterstock. Urheberrecht Copyright (c) 2017, Stiftung Hilfreich. &hellip; <\/p>\n<p><a class=\"more-link btn\" href=\"https:\/\/stiftung-hilfreich.de\/?page_id=55\">Weiterlesen<\/a><\/p>\n","protected":false},"author":1,"featured_media":0,"parent":0,"menu_order":5,"comment_status":"closed","ping_status":"closed","template":"","meta":{"footnotes":""},"class_list":["post-55","page","type-page","status-publish","hentry","nodate","item-wrap"],"_links":{"self":[{"href":"https:\/\/stiftung-hilfreich.de\/index.php?rest_route=\/wp\/v2\/pages\/55","targetHints":{"allow":["GET"]}}],"collection":[{"href":"https:\/\/stiftung-hilfreich.de\/index.php?rest_route=\/wp\/v2\/pages"}],"about":[{"href":"https:\/\/stiftung-hilfreich.de\/index.php?rest_route=\/wp\/v2\/types\/page"}],"author":[{"embeddable":true,"href":"https:\/\/stiftung-hilfreich.de\/index.php?rest_route=\/wp\/v2\/users\/1"}],"replies":[{"embeddable":true,"href":"https:\/\/stiftung-hilfreich.de\/index.php?rest_route=%2Fwp%2Fv2%2Fcomments&post=55"}],"version-history":[{"count":8,"href":"https:\/\/stiftung-hilfreich.de\/index.php?rest_route=\/wp\/v2\/pages\/55\/revisions"}],"predecessor-version":[{"id":95,"href":"https:\/\/stiftung-hilfreich.de\/index.php?rest_route=\/wp\/v2\/pages\/55\/revisions\/95"}],"wp:attachment":[{"href":"https:\/\/stiftung-hilfreich.de\/index.php?rest_route=%2Fwp%2Fv2%2Fmedia&parent=55"}],"curies":[{"name":"wp","href":"https:\/\/api.w.org\/{rel}","templated":true}]}}