{"id":530,"date":"2022-04-25T11:47:00","date_gmt":"2022-04-25T09:47:00","guid":{"rendered":"https:\/\/stiftung-hilfreich.de\/?page_id=530"},"modified":"2023-07-11T10:29:20","modified_gmt":"2023-07-11T08:29:20","slug":"projekte-2022","status":"publish","type":"page","link":"https:\/\/stiftung-hilfreich.de\/?page_id=530","title":{"rendered":"Projekte 2022"},"content":{"rendered":"<p><img loading=\"lazy\" decoding=\"async\" src=\"https:\/\/stiftung-hilfreich.de\/wp-content\/uploads\/haende.jpg\" width=\"1170\" height=\"100\" \/><\/p>\n<h3><span style=\"color: #dd5a27;\">Kinder brauchen Orientierung und Demenz-Angeh\u00f6rige Hilfestellung und Orientierung<\/span><\/h3>\n<p>2015 wurde eine Brosch\u00fcre gef\u00f6rdert f\u00fcr Angeh\u00f6rige von Demenzkranken; in diesem Jahr 2022 wurde die \u00fcberarbeitete 3. Auflage unterst\u00fctzt.<br \/>\n2017 hat die Stiftung eine Schulung von Verfahrensbeist\u00e4nden gef\u00f6rdert. 2022 ist ein weiterer Baustein f\u00fcr die Arbeit mit Kindern, deren Eltern im Trennungsprozess sind, entstanden.<\/p>\n<h4><span style=\"color: #dd5a27;\">Neuauflage der Brosch\u00fcre &#8222;Abschiednehmen, Sterben und Trauer bei Demenz&#8220;<\/span><\/h4>\n<p><img loading=\"lazy\" decoding=\"async\" src=\"https:\/\/stiftung-hilfreich.de\/wp-content\/uploads\/lp-10-leer-blau.jpg\" alt=\"Symbol Blaue Hand leer\" width=\"74\" height=\"74\" class=\"alignright size-full wp-image-169\" \/><br \/>\nEine Demenzerkrankung kann sich zwar l\u00e4ngerfristig schon andeuten, aber oft genug gestehen sich Betroffene und Angeh\u00f6rige erst sp\u00e4t ein, wie ernst es geworden ist. Die <strong>Brosch\u00fcre &#8222;Abschiednehmen, Sterben und Trauer bei Demenz&#8220;<\/strong> der <a href=\"https:\/\/www.alzheimer-braunschweig.de\" rel=\"noopener noreferrer\" target=\"_blank\"><span style=\"background-color: #004090; color: #ffffff;\">Alzheimer Gesellschaft Braunschweig e.V. &#x2197;<\/span><\/a> kann helfen bei einer Orientierung. Wir sind froh, den Druck der nunmehr dritten, \u00fcberarbeiteten Auflage gef\u00f6rdert haben zu k\u00f6nnen.\n<\/p>\n<h4><span style=\"color: #dd5a27;\">Brosch\u00fcre: Und jetzt? Ich bin Dein Verfahrensbeistand.<\/span><\/h4>\n<p><img loading=\"lazy\" decoding=\"async\" src=\"https:\/\/stiftung-hilfreich.de\/wp-content\/uploads\/lp-09-spiral-gr\u00fcn.jpg\" alt=\"Symbol gr\u00fcne Spiral Hand\" width=\"74\" height=\"74\" class=\"alignright size-full wp-image-168\" \/>Wenn Eltern sich trennen \/ scheiden lassen &#8230; und Kinder beteiligt sind, geht es grundlegend auch um das &#8222;Kindeswohl&#8220;. Und damit nicht nur die Erwachsenen (Eltern, Gericht) entscheiden, was f\u00fcr das Kind gut (besser) ist, muss das Kind selber sich \u00e4u\u00dfern k\u00f6nnen. Aber ohne Hilfe geht das meistens nicht. Daf\u00fcr muss ein Kind die M\u00f6glichkeit bekommen, sich mit einer dritten, selber nicht betroffenen Person zu unterhalten. Diese Person nennt sich Verfahrensbeistand und ist der &#8222;Anwalt&#8220; des Kindes vor Gericht. Gespr\u00e4che zwischen Beistand und Kind beginnen gewiss vor einem Gerichtstermin. Aber wie kann das Kind zu einer ihm zun\u00e4chst fremden Person leichter Vertrauen fassen? Und auch nach der Trennung brauchen viele Kinder noch Beistand, aber wissen oft genug nicht, an wen sie sich wenden k\u00f6nnen. Das sind Punkte, die eine Brosch\u00fcre beantworten soll, die Kindern an die Hand gegeben werden kann, wenn klar wird, dass sich ein Trennungsprozess anbahnt. Die Brosch\u00fcre ist kindgerecht gestaltet und bietet zwar Informationen, aber in kleinen H\u00e4ppchen, die wie ein Mal Heft nach und nach vom Kind ausgef\u00fcllt werden k\u00f6nnen. So lernen sich Verfahrensbeistand und Kind spielerisch leichter kennen.<\/p>\n<p>Zwei kleine Bild-Ausschnitte aus der Brosch\u00fcre k\u00f6nnen das besser anschaulich machen.<\/p>\n<p>Damit ein Kind einen \u00dcberblick bekommen kann, was jetzt ansteht, wie ein Scheidungsverfahren generell abl\u00e4uft und wie es daran beteiligt ist, dient diese Abbildung. (Bitte klicken Sie auf das Bild zur Vergr\u00f6\u00dferung.)<\/p>\n<div id=\"attachment_533\" style=\"width: 300px\" class=\"wp-caption aligncenter\"><a href=\"https:\/\/stiftung-hilfreich.de\/wp-content\/uploads\/ablauf.jpg\"><img loading=\"lazy\" decoding=\"async\" aria-describedby=\"caption-attachment-533\" src=\"https:\/\/stiftung-hilfreich.de\/wp-content\/uploads\/ablauf-300x212.jpg\" alt=\"Ablauf \u00dcberblick\" width=\"300\" height=\"212\" class=\"aligncenter size-medium wp-image-533\" srcset=\"https:\/\/stiftung-hilfreich.de\/wp-content\/uploads\/ablauf-300x212.jpg 300w, https:\/\/stiftung-hilfreich.de\/wp-content\/uploads\/ablauf-768x543.jpg 768w, https:\/\/stiftung-hilfreich.de\/wp-content\/uploads\/ablauf.jpg 947w\" sizes=\"auto, (max-width: 300px) 100vw, 300px\" \/><\/a><p id=\"caption-attachment-533\" class=\"wp-caption-text\">Ablauf \u00dcberblick<\/p><\/div>\n<p>Damit der Verfahrensbeistand das Kind besser kennenlernt, bietet es sich an, einen &#8222;Steckbrief&#8220; auszuf\u00fcllen.<\/p>\n<div id=\"attachment_534\" style=\"width: 300px\" class=\"wp-caption aligncenter\"><a href=\"https:\/\/stiftung-hilfreich.de\/wp-content\/uploads\/steckbrief.jpg\"><img loading=\"lazy\" decoding=\"async\" aria-describedby=\"caption-attachment-534\" src=\"https:\/\/stiftung-hilfreich.de\/wp-content\/uploads\/steckbrief-300x215.jpg\" alt=\"Steckbrief zum Kennenlernen\" width=\"300\" height=\"215\" class=\"aligncenter size-medium wp-image-534\" srcset=\"https:\/\/stiftung-hilfreich.de\/wp-content\/uploads\/steckbrief-300x215.jpg 300w, https:\/\/stiftung-hilfreich.de\/wp-content\/uploads\/steckbrief-768x551.jpg 768w, https:\/\/stiftung-hilfreich.de\/wp-content\/uploads\/steckbrief.jpg 933w\" sizes=\"auto, (max-width: 300px) 100vw, 300px\" \/><\/a><p id=\"caption-attachment-534\" class=\"wp-caption-text\">Steckbrief zum Kennenlernen<\/p><\/div>\n<p><!-- ------------------------------------------------------------------------------------\nhttps:\/\/awo-bs.de\/jugend-erziehungshilfen\/familienarbeit\/kinder-aus-der-klemme.html\n------------------ --><\/p>\n<h4><span style=\"color: #dd5a27;\">Kinder, deren Eltern sich trennen, sollen aus der Klemme kommen.<\/span><\/h4>\n<p><img loading=\"lazy\" decoding=\"async\" src=\"https:\/\/stiftung-hilfreich.de\/wp-content\/uploads\/lp-08-spiral-gelb.jpg\" alt=\"Symbol gelbe Fingerfarben Hand\" width=\"74\" height=\"74\" class=\"alignleft size-full wp-image-167\" \/><br \/>\nEs kann hei\u00df hergehen in Trennungszeiten und Kinder geraten in der Dynamik zu leicht aus dem Blick, werden zu wenig oder gar nicht angeh\u00f6rt und sitzen dann sprichw\u00f6rtlich in der Klemme. Und das Projekt &#8222;Kinder aus der Klemme&#8220; der <a href=\"https:\/\/awo-bs.de\/jugend-erziehungshilfen\/familienarbeit\/kinder-aus-der-klemme.html\" rel=\"noopener noreferrer\" target=\"_blank\"><span style=\"background-color: #EEB80F;\">AWO Familienarbeit &#x2197;<\/span><\/a> will da helfen. Bis zu 6 Familien sind eingeladen, nach Kennenlern- und Vorbereitungstreffen in 9 Gruppentreffen gegenseitig zu erfahren, wie \u00e4hnliche Schwierigkeiten &#038; Reizthemen bei allen Familien entstehen. Danach werden neue Handlungsstrategien gezeigt und L\u00f6sungsans\u00e4tze erarbeitet. Parallel bekommen die Kinder in ihrer Gruppe Gelegenheit, ihre Gef\u00fchle und Gedanke auszudr\u00fccken und so Entlastung zu finden. Sie werden best\u00e4rkt in ihrem Selbstwertgef\u00fchl und k\u00f6nnen so aus ihrer Klemme zu einer eigenen Rolle finden. Wir konnten diese Arbeit zu einem Teil finanziell unterst\u00fctzen.<\/p>\n","protected":false},"excerpt":{"rendered":"<p>Kinder brauchen Orientierung und Demenz-Angeh\u00f6rige Hilfestellung und Orientierung 2015 wurde eine Brosch\u00fcre gef\u00f6rdert f\u00fcr Angeh\u00f6rige von Demenzkranken; in diesem Jahr 2022 wurde die \u00fcberarbeitete 3. Auflage unterst\u00fctzt. 2017 hat die Stiftung eine Schulung von Verfahrensbeist\u00e4nden gef\u00f6rdert. 2022 ist ein weiterer Baustein f\u00fcr die Arbeit mit Kindern, deren Eltern im Trennungsprozess sind, entstanden. Neuauflage der Brosch\u00fcre &hellip; <\/p>\n<p><a class=\"more-link btn\" href=\"https:\/\/stiftung-hilfreich.de\/?page_id=530\">Weiterlesen<\/a><\/p>\n","protected":false},"author":1,"featured_media":0,"parent":0,"menu_order":0,"comment_status":"closed","ping_status":"closed","template":"","meta":{"footnotes":""},"class_list":["post-530","page","type-page","status-publish","hentry","nodate","item-wrap"],"_links":{"self":[{"href":"https:\/\/stiftung-hilfreich.de\/index.php?rest_route=\/wp\/v2\/pages\/530","targetHints":{"allow":["GET"]}}],"collection":[{"href":"https:\/\/stiftung-hilfreich.de\/index.php?rest_route=\/wp\/v2\/pages"}],"about":[{"href":"https:\/\/stiftung-hilfreich.de\/index.php?rest_route=\/wp\/v2\/types\/page"}],"author":[{"embeddable":true,"href":"https:\/\/stiftung-hilfreich.de\/index.php?rest_route=\/wp\/v2\/users\/1"}],"replies":[{"embeddable":true,"href":"https:\/\/stiftung-hilfreich.de\/index.php?rest_route=%2Fwp%2Fv2%2Fcomments&post=530"}],"version-history":[{"count":17,"href":"https:\/\/stiftung-hilfreich.de\/index.php?rest_route=\/wp\/v2\/pages\/530\/revisions"}],"predecessor-version":[{"id":591,"href":"https:\/\/stiftung-hilfreich.de\/index.php?rest_route=\/wp\/v2\/pages\/530\/revisions\/591"}],"wp:attachment":[{"href":"https:\/\/stiftung-hilfreich.de\/index.php?rest_route=%2Fwp%2Fv2%2Fmedia&parent=530"}],"curies":[{"name":"wp","href":"https:\/\/api.w.org\/{rel}","templated":true}]}}