{"id":502,"date":"2022-04-20T21:59:50","date_gmt":"2022-04-20T19:59:50","guid":{"rendered":"https:\/\/stiftung-hilfreich.de\/?page_id=502"},"modified":"2022-04-25T10:19:24","modified_gmt":"2022-04-25T08:19:24","slug":"projekte-2021","status":"publish","type":"page","link":"https:\/\/stiftung-hilfreich.de\/?page_id=502","title":{"rendered":"Projekte 2021"},"content":{"rendered":"<p><img loading=\"lazy\" decoding=\"async\" src=\"https:\/\/stiftung-hilfreich.de\/wp-content\/uploads\/haende.jpg\" width=\"1170\" height=\"100\" \/><\/p>\n<h3><span style=\"color: #dd5a27;\">Und jetzt erst recht: soziales Miteinander unterst\u00fctzen<\/span><\/h3>\n<p>2021 ist weiterhin ein Jahr mit Corona, Maske tragen, sozialem Abstand, AHA-Regeln, Home-Office, Home-Schooling, Diskussionen \u00fcber Erst-, Zweit- und Booster Impfung etc. pp. Eigentlich haben alle das Thema mehr als satt. Aber es f\u00fchrt ja kein Weg dran vorbei. Ignorieren l\u00e4sst sich ein ansteckender Virus nun mal nicht. Aber genug von diesem Thema an dieser Stelle. Was tut sich denn im Jahr 2021 in der Stiftung Hilfreich an F\u00f6rderungen?<\/p>\n<h4><span style=\"color: #dd5a27;\">Geber in Spendenlaune und: Ei, Ei, Ei.<\/span><\/h4>\n<p><img loading=\"lazy\" decoding=\"async\" src=\"https:\/\/stiftung-hilfreich.de\/wp-content\/uploads\/lp-12-leer-braun.jpg\" alt=\"Symbol braune Hand leer\" width=\"74\" height=\"74\" class=\"alignleft size-full wp-image-171\" \/>In diesem Jahr findet in Braunschweig zum ersten Mal ein (virtuelles) Live-Crowdfunding mit dem Titel &#8222;Giving Circle&#8220; statt. In K\u00fcrze: lokale und soziale Projekte k\u00f6nnen sich vorher im Web f\u00fcr eine Teilnahme bewerben, drei Bewerberprojekte stellen sich am Tag des Giving Circle innerhalb von 5 Minuten vor und bitten damit um Live-Spenden. W\u00e4hrend der Veranstaltung werden telefonisch oder im Web verbindlich zugesagte Spenden von Firmen und Organisationen eingesammelt. Das gesteckte Ziel von 5.000,- EUR wurde reichlich \u00fcbertroffen. Denn so eine Veranstaltung macht Freude und Spender sind mit Spa\u00df dabei! Eine tolle Idee, oder? Was hat das jetzt mit Hilfreich zu tun? Stiftung Hilfreich hat eines der vorgestellten Projekte mit einer Spende unterst\u00fctzt. Das Projekt &#8222;EGGScellent&#8220;, der Name ist ein Wortspiel mit dem englischen Wort Egg (Ei) und dem Wort Excellence (Exzellenz, Vortrefflichkeit). Frei nach dem Motto &#8222;Entscheidend ist das, was (hinten) dabei rauskommt.&#8220; steht das Ei sinnbildlich f\u00fcr inklusives Miteinander. Denn in zwei Wohnst\u00e4tten der Lebenshilfe Braunschweig wird ein H\u00fchnerstall gebaut. Die St\u00e4lle werden inklusiv von Menschen mit und ohne Beeintr\u00e4chtigung betrieben. Klar, dass dabei viel mehr als nur Eier &#8222;produziert&#8220; werden. Einer m\u00f6glichen Vereinsamung wird entgegengearbeitet, ein Verantwortungs-Sinn erm\u00f6glicht und Freude mit Mitmensch und Tier gefunden. Und die Eier finden sicher dankbare Abnehmer. Klasse! Und herzlichen Dank an alle Spender des Giving Circles!\n<\/p>\n<h4><span style=\"color: #dd5a27;\">Stadtteilf\u00fchrer f\u00fcr Broitzem<\/span><\/h4>\n<p><img loading=\"lazy\" decoding=\"async\" src=\"https:\/\/stiftung-hilfreich.de\/wp-content\/uploads\/lp-1.jpg\" alt=\"Symbol gelbe Fingerfarben Hand\" width=\"74\" height=\"74\" class=\"alignright size-full wp-image-116\" \/><br \/>\nDer Braunschweiger Stadtteil Broitzem ist ein d\u00f6rflich gepr\u00e4gte Ort. Es gibt viele Angebote f\u00fcr ein Treffen von Jung bis Alt, vom Kinderspielplatz \u00fcber B\u00fcrgermeisterin, Kirche, Imker und noch vieles mehr. Es gibt den Bedarf an einer \u00fcbersichtlichen Information, die mit Hilfe vieler freiwilliger Helfer und dem Parit\u00e4tischen Familienzentrum in Broitzem in Form einer Brosch\u00fcre realisiert wird. Mitte Oktober 2021 konnte die fertige Brosch\u00fcre pr\u00e4sentiert werden, verbunden mit einer Dorfrallye, die sehr viel Spa\u00df gemacht hat. Das Heft umfasst 60 Seiten, nicht nur reiner Information, sondern auch kleine Artikel, vielen Bildern und Fotos und kleinen Geschichten, rund um das Dorf Broitzem und seinem Wachstum \u00fcber die Zeit.<\/p>\n<p>Auf der Seite des <a href=\"https:\/\/www.paritaetischer-bs.de\/infoseiten\/aktuelles\/detail\/article\/familienzentrum-broitzem-gibt-informativen-und-schoen-gestalteten-stadtteilfuehrer-heraus\/\" rel=\"noopener noreferrer\" target=\"_blank\"><span style=\"background-color: #004090; color: #ffffff;\">Parit\u00e4tischen BS &#x2197;<\/span><\/a> gibt es auch eine Information mit einem Link (siehe vorletzter Absatz: Der <strong>Stadtteilf\u00fchrer<\/strong> &#8230;), unter dem sich Interessierte die Brosch\u00fcre herunterladen k\u00f6nnen. Schauen Sie doch mal rein. Auch wenn Sie nicht in Broitzem wohnen, finden Sie sicher eine Anregung, wonach Sie an Ihrem Wohnort Ausschau halten k\u00f6nnen. Einiges gibt es bestimmt auch in Ihrer N\u00e4he oder zumindest \u00c4hnliches und Sie bekommen Lust, einfach mal in eine Initiative hineinzuschnuppern. Sie wissen ja: &#8222;Es gibt nichts Gutes, au\u00dfer man tut es.&#8220; und sicher haben Sie auch schon die Erfahrung gemacht, dass sich beim Tun f\u00fcr Andere ganz viel auch f\u00fcr das eigene Wohlbefinden entwickelt. Daf\u00fcr arbeitet die Stiftung Hilfreich: der Entwicklung und Unterst\u00fctzung von sozialem Miteinander.<\/p>\n","protected":false},"excerpt":{"rendered":"<p>Und jetzt erst recht: soziales Miteinander unterst\u00fctzen 2021 ist weiterhin ein Jahr mit Corona, Maske tragen, sozialem Abstand, AHA-Regeln, Home-Office, Home-Schooling, Diskussionen \u00fcber Erst-, Zweit- und Booster Impfung etc. pp. Eigentlich haben alle das Thema mehr als satt. Aber es f\u00fchrt ja kein Weg dran vorbei. Ignorieren l\u00e4sst sich ein ansteckender Virus nun mal nicht. &hellip; <\/p>\n<p><a class=\"more-link btn\" href=\"https:\/\/stiftung-hilfreich.de\/?page_id=502\">Weiterlesen<\/a><\/p>\n","protected":false},"author":1,"featured_media":0,"parent":0,"menu_order":0,"comment_status":"closed","ping_status":"closed","template":"","meta":{"footnotes":""},"class_list":["post-502","page","type-page","status-publish","hentry","nodate","item-wrap"],"_links":{"self":[{"href":"https:\/\/stiftung-hilfreich.de\/index.php?rest_route=\/wp\/v2\/pages\/502","targetHints":{"allow":["GET"]}}],"collection":[{"href":"https:\/\/stiftung-hilfreich.de\/index.php?rest_route=\/wp\/v2\/pages"}],"about":[{"href":"https:\/\/stiftung-hilfreich.de\/index.php?rest_route=\/wp\/v2\/types\/page"}],"author":[{"embeddable":true,"href":"https:\/\/stiftung-hilfreich.de\/index.php?rest_route=\/wp\/v2\/users\/1"}],"replies":[{"embeddable":true,"href":"https:\/\/stiftung-hilfreich.de\/index.php?rest_route=%2Fwp%2Fv2%2Fcomments&post=502"}],"version-history":[{"count":22,"href":"https:\/\/stiftung-hilfreich.de\/index.php?rest_route=\/wp\/v2\/pages\/502\/revisions"}],"predecessor-version":[{"id":529,"href":"https:\/\/stiftung-hilfreich.de\/index.php?rest_route=\/wp\/v2\/pages\/502\/revisions\/529"}],"wp:attachment":[{"href":"https:\/\/stiftung-hilfreich.de\/index.php?rest_route=%2Fwp%2Fv2%2Fmedia&parent=502"}],"curies":[{"name":"wp","href":"https:\/\/api.w.org\/{rel}","templated":true}]}}