{"id":469,"date":"2022-04-07T12:28:56","date_gmt":"2022-04-07T10:28:56","guid":{"rendered":"https:\/\/stiftung-hilfreich.de\/?page_id=469"},"modified":"2025-09-18T10:51:18","modified_gmt":"2025-09-18T08:51:18","slug":"der-stiftungsrat","status":"publish","type":"page","link":"https:\/\/stiftung-hilfreich.de\/?page_id=469","title":{"rendered":"Der Stiftungsrat"},"content":{"rendered":"<p>Die Gesch\u00e4fte der Stiftung Hilfreich werden durch den Stiftungsrat gef\u00fchrt, welcher sich mindestens ein Mal im Jahr trifft und z.B. die Bilanz (welche F\u00f6rderungen gab es, sind die Planungen daf\u00fcr eingehalten worden) pr\u00fcft und genehmigt. Au\u00dferdem wird beraten, welche F\u00f6rderungen und in welcher H\u00f6he f\u00fcr das kommende Jahr geplant sind. Somit ist der Stiftungsrat lenkendes und kontrollierendes Organ einer Stiftung.<\/p>\n<p>F\u00fcr die Stiftung Hilfreich besteht der Stiftungsrat aktuell (September 2025) aus drei Mitgliedern:<\/p>\n<p>&nbsp;<\/p>\n<table>\n<tbody>\n<tr>\n<td><img loading=\"lazy\" decoding=\"async\" class=\"aligncenter size-medium wp-image-485\" src=\"https:\/\/stiftung-hilfreich.de\/wp-content\/uploads\/Andreas-Day-imeracon-300x300.png\" alt=\"Herr Andreas Day\" width=\"300\" height=\"300\" srcset=\"https:\/\/stiftung-hilfreich.de\/wp-content\/uploads\/Andreas-Day-imeracon-300x300.png 300w, https:\/\/stiftung-hilfreich.de\/wp-content\/uploads\/Andreas-Day-imeracon-150x150.png 150w, https:\/\/stiftung-hilfreich.de\/wp-content\/uploads\/Andreas-Day-imeracon.png 600w\" sizes=\"auto, (max-width: 300px) 100vw, 300px\" \/><\/td>\n<td><strong><span style=\"font-size: 14pt;\">Andreas Day<\/span><\/strong><br \/>\nWeitere Informationen: <a href=\"http:\/\/www.dayundpartner.de\/\" target=\"_blank\" rel=\"noopener\">Day und Partner<\/a>(Bild mit freundlicher Genehmigung von <a href=\"https:\/\/imeracon.de\/ueber-uns\" target=\"_blank\" rel=\"noopener\">Imeracon<\/a>)<\/td>\n<\/tr>\n<tr>\n<td><img loading=\"lazy\" decoding=\"async\" class=\"aligncenter size-medium wp-image-489\" src=\"https:\/\/stiftung-hilfreich.de\/wp-content\/uploads\/Anja-Nerreter-imeracon-300x300.png\" alt=\"Frau Anja Nerreter\" width=\"300\" height=\"300\" srcset=\"https:\/\/stiftung-hilfreich.de\/wp-content\/uploads\/Anja-Nerreter-imeracon-300x300.png 300w, https:\/\/stiftung-hilfreich.de\/wp-content\/uploads\/Anja-Nerreter-imeracon-150x150.png 150w, https:\/\/stiftung-hilfreich.de\/wp-content\/uploads\/Anja-Nerreter-imeracon.png 600w\" sizes=\"auto, (max-width: 300px) 100vw, 300px\" \/><\/td>\n<td><strong><span style=\"font-size: 14pt;\">Anja Nerreter<\/span><\/strong><br \/>\nWeitere Informationen: <a href=\"https:\/\/anja-nerreter.de\/\" target=\"_blank\" rel=\"noopener\">Anja Nerreter, Rechtsanw\u00e4ltin, Mediatorin, Verfahrensbeist\u00e4ndin<\/a>(Bild mit freundlicher Genehmigung von <a href=\"https:\/\/imeracon.de\/ueber-uns\" target=\"_blank\" rel=\"noopener\">Imeracon<\/a>)<\/td>\n<\/tr>\n<tr>\n<td><img loading=\"lazy\" decoding=\"async\" class=\"aligncenter wp-image-654 size-medium\" src=\"https:\/\/stiftung-hilfreich.de\/wp-content\/uploads\/Karin-Babke-Hauk-c-Buergerstiftung-Braunschweig_Marek-Kruszewski_fuer-Hilfreich-294x300.jpg\" alt=\"\" width=\"294\" height=\"300\" srcset=\"https:\/\/stiftung-hilfreich.de\/wp-content\/uploads\/Karin-Babke-Hauk-c-Buergerstiftung-Braunschweig_Marek-Kruszewski_fuer-Hilfreich-294x300.jpg 294w, https:\/\/stiftung-hilfreich.de\/wp-content\/uploads\/Karin-Babke-Hauk-c-Buergerstiftung-Braunschweig_Marek-Kruszewski_fuer-Hilfreich-1005x1024.jpg 1005w, https:\/\/stiftung-hilfreich.de\/wp-content\/uploads\/Karin-Babke-Hauk-c-Buergerstiftung-Braunschweig_Marek-Kruszewski_fuer-Hilfreich-768x782.jpg 768w, https:\/\/stiftung-hilfreich.de\/wp-content\/uploads\/Karin-Babke-Hauk-c-Buergerstiftung-Braunschweig_Marek-Kruszewski_fuer-Hilfreich-1508x1536.jpg 1508w, https:\/\/stiftung-hilfreich.de\/wp-content\/uploads\/Karin-Babke-Hauk-c-Buergerstiftung-Braunschweig_Marek-Kruszewski_fuer-Hilfreich-1140x1161.jpg 1140w, https:\/\/stiftung-hilfreich.de\/wp-content\/uploads\/Karin-Babke-Hauk-c-Buergerstiftung-Braunschweig_Marek-Kruszewski_fuer-Hilfreich-1170x1192.jpg 1170w, https:\/\/stiftung-hilfreich.de\/wp-content\/uploads\/Karin-Babke-Hauk-c-Buergerstiftung-Braunschweig_Marek-Kruszewski_fuer-Hilfreich.jpg 1600w\" sizes=\"auto, (max-width: 294px) 100vw, 294px\" \/><\/td>\n<td><strong><span style=\"font-size: 14pt;\">Karin Babke-Hauk<\/span><\/strong><br \/>\nWeitere Informationen: <a href=\"https:\/\/www.buergerstiftungbraunschweig.de\/ueber-uns\/buergerstiftung\/vorstand-beauftragte-und-stiftungsrat\/\" target=\"_blank\" rel=\"noopener\">Mitglied des Vorstands der B\u00fcrgerstiftung Braunschweig<\/a>(Bild: B\u00fcrgerstiftung Braunschweig, Fotograf Marek Kruszewski)<\/td>\n<\/tr>\n<\/tbody>\n<\/table>\n","protected":false},"excerpt":{"rendered":"<p>Die Gesch\u00e4fte der Stiftung Hilfreich werden durch den Stiftungsrat gef\u00fchrt, welcher sich mindestens ein Mal im Jahr trifft und z.B. die Bilanz (welche F\u00f6rderungen gab es, sind die Planungen daf\u00fcr eingehalten worden) pr\u00fcft und genehmigt. Au\u00dferdem wird beraten, welche F\u00f6rderungen und in welcher H\u00f6he f\u00fcr das kommende Jahr geplant sind. Somit ist der Stiftungsrat lenkendes &hellip; <\/p>\n<p><a class=\"more-link btn\" href=\"https:\/\/stiftung-hilfreich.de\/?page_id=469\">Weiterlesen<\/a><\/p>\n","protected":false},"author":1,"featured_media":0,"parent":0,"menu_order":0,"comment_status":"closed","ping_status":"closed","template":"","meta":{"footnotes":""},"class_list":["post-469","page","type-page","status-publish","hentry","nodate","item-wrap"],"_links":{"self":[{"href":"https:\/\/stiftung-hilfreich.de\/index.php?rest_route=\/wp\/v2\/pages\/469","targetHints":{"allow":["GET"]}}],"collection":[{"href":"https:\/\/stiftung-hilfreich.de\/index.php?rest_route=\/wp\/v2\/pages"}],"about":[{"href":"https:\/\/stiftung-hilfreich.de\/index.php?rest_route=\/wp\/v2\/types\/page"}],"author":[{"embeddable":true,"href":"https:\/\/stiftung-hilfreich.de\/index.php?rest_route=\/wp\/v2\/users\/1"}],"replies":[{"embeddable":true,"href":"https:\/\/stiftung-hilfreich.de\/index.php?rest_route=%2Fwp%2Fv2%2Fcomments&post=469"}],"version-history":[{"count":20,"href":"https:\/\/stiftung-hilfreich.de\/index.php?rest_route=\/wp\/v2\/pages\/469\/revisions"}],"predecessor-version":[{"id":656,"href":"https:\/\/stiftung-hilfreich.de\/index.php?rest_route=\/wp\/v2\/pages\/469\/revisions\/656"}],"wp:attachment":[{"href":"https:\/\/stiftung-hilfreich.de\/index.php?rest_route=%2Fwp%2Fv2%2Fmedia&parent=469"}],"curies":[{"name":"wp","href":"https:\/\/api.w.org\/{rel}","templated":true}]}}