{"id":420,"date":"2020-12-21T13:34:32","date_gmt":"2020-12-21T12:34:32","guid":{"rendered":"https:\/\/stiftung-hilfreich.de\/?page_id=420"},"modified":"2020-12-21T13:54:53","modified_gmt":"2020-12-21T12:54:53","slug":"projekte-2020","status":"publish","type":"page","link":"https:\/\/stiftung-hilfreich.de\/?page_id=420","title":{"rendered":"Projekte 2020"},"content":{"rendered":"<p><img loading=\"lazy\" decoding=\"async\" src=\"https:\/\/stiftung-hilfreich.de\/wp-content\/uploads\/haende.jpg\" width=\"1170\" height=\"100\" \/><\/p>\n<h3><span style=\"color: #dd5a27;\">Frische Luft trotz sozialem Abstand<\/span><\/h3>\n<p>Corona war im Jahr 2020 <strong>das<\/strong> bestimmende Thema. Eine Viruserkrankung, die besonders f\u00fcr \u00e4ltere Menschen gef\u00e4hrlich war und f\u00fcr diese unter Umst\u00e4nden auch eine Intensivmedizinische Behandlung erforderte. Um sich und andere zu sch\u00fctzen war &#8222;Abstand halten&#8220; und Schutzmaske tragen angesagt. Deswegen hatte die Stiftung Hilfreich, die ja gerade die soziale Begegnung zum Ziel hat, wenig Gelegenheit zur F\u00f6rderung. Ein Projekt jedoch stemmte sich auf beeindruckende Weise gegen die notwendige soziale Distanz.<\/p>\n<h4><span style=\"color: #dd5a27;\">Bewilligte Projektantr\u00e4ge<\/span><\/h4>\n<p><img loading=\"lazy\" decoding=\"async\" class=\"alignleft size-full wp-image-172\" src=\"https:\/\/stiftung-hilfreich.de\/wp-content\/uploads\/lp-13-leer-gelb.jpg\" alt=\"Symbol gelbe Hand leer\" width=\"74\" height=\"74\" \/><br \/>\nManche \u00e4ltere Menschen k\u00f6nnen irgendwann nicht mehr selber mit dem Rad fahren, sei es, weil die Gelenke nicht mehr so wollen oder aus anderen gesundheitlichen Gr\u00fcnden. Doch Radfahren dient ja nicht nur zur Bewegung von Ort A nach B. Frische Luft und die Landschaft genie\u00dfen, auch das vermisst man schmerzlich, wenn man sich nicht mehr so bewegen kann. Eine tolle Idee aus D\u00e4nemark\/Kopenhagen war: &#8222;Sich bewegen lassen&#8220;, das Motto lautete &#8222;Jeder hat das Recht auf Wind in den Haaren&#8220;. Nach dem Prinzip einer Rikscha wurden R\u00e4der gebaut, die zwei Fahrg\u00e4sten das Vergn\u00fcgen bieten, an der frischen Luft zu sein und andere Eindr\u00fccke als nur die der bekannten Wohnumgebung zu bekommen. Und damit der Fahrer \/ die Fahrerin nicht nur schuften muss, sondern auch selber die Landschaft genie\u00dfen kann, sind die Rikscha-R\u00e4der mit einem elektrischen Motor versehen. Diese Idee fand Verbreitung in vielen L\u00e4ndern, und wie unter <a href=\"https:\/\/radelnohnealter.de\/standorte\" target=\"_blank\" rel=\"noopener noreferrer\"><span style=\"background-color: #a02d1b; color: #ffffff;\">Radeln ohne Alter &#8211; Bundesl\u00e4nder \u2197<\/span><\/a> zu sehen, auch in den deutschen Bundesl\u00e4ndern. Die Stiftung Hilfreich beteiligte sich an dem ersten &#8222;Radeln ohne Alter&#8220; Rikschafahrrad in Braunschweig, seit Dezember 2020 gibt es schon ein zweites! Sie stehen Einrichtungen wie Seniorenheimen zur Verf\u00fcgung und werden sehr gerne angenommen. Ehrenamtlichen als Piloten (Fahrer) und Kapit\u00e4ne (zur Einweisung und Betreuung der Piloten) geh\u00f6rt ein herzhaftes <strong>Danke<\/strong><em> von uns. Dann mal kr\u00e4ftig in die Pedale getreten!<br \/>\n<div id=\"attachment_445\" style=\"width: 695px\" class=\"wp-caption aligncenter\"><img loading=\"lazy\" decoding=\"async\" aria-describedby=\"caption-attachment-445\" src=\"https:\/\/stiftung-hilfreich.de\/wp-content\/uploads\/Rick-Schah-695x1024.jpg\" alt=\"Radeln ohne Alter gib es ab November 2020 auch in Braunschweig\" width=\"695\" height=\"1024\" class=\"size-large wp-image-445\" srcset=\"https:\/\/stiftung-hilfreich.de\/wp-content\/uploads\/Rick-Schah-695x1024.jpg 695w, https:\/\/stiftung-hilfreich.de\/wp-content\/uploads\/Rick-Schah-204x300.jpg 204w, https:\/\/stiftung-hilfreich.de\/wp-content\/uploads\/Rick-Schah.jpg 697w\" sizes=\"auto, (max-width: 695px) 100vw, 695px\" \/><p id=\"caption-attachment-445\" class=\"wp-caption-text\">Radeln ohne Alter gib es seit November 2020 auch in Braunschweig<\/p><\/div><br \/>\n<em>Foto: B\u00fcgerstiftung Braunschweig<\/em><\/p>\n","protected":false},"excerpt":{"rendered":"<p>Frische Luft trotz sozialem Abstand Corona war im Jahr 2020 das bestimmende Thema. Eine Viruserkrankung, die besonders f\u00fcr \u00e4ltere Menschen gef\u00e4hrlich war und f\u00fcr diese unter Umst\u00e4nden auch eine Intensivmedizinische Behandlung erforderte. Um sich und andere zu sch\u00fctzen war &#8222;Abstand halten&#8220; und Schutzmaske tragen angesagt. Deswegen hatte die Stiftung Hilfreich, die ja gerade die soziale &hellip; <\/p>\n<p><a class=\"more-link btn\" href=\"https:\/\/stiftung-hilfreich.de\/?page_id=420\">Weiterlesen<\/a><\/p>\n","protected":false},"author":1,"featured_media":0,"parent":0,"menu_order":0,"comment_status":"closed","ping_status":"closed","template":"","meta":{"footnotes":""},"class_list":["post-420","page","type-page","status-publish","hentry","nodate","item-wrap"],"_links":{"self":[{"href":"https:\/\/stiftung-hilfreich.de\/index.php?rest_route=\/wp\/v2\/pages\/420","targetHints":{"allow":["GET"]}}],"collection":[{"href":"https:\/\/stiftung-hilfreich.de\/index.php?rest_route=\/wp\/v2\/pages"}],"about":[{"href":"https:\/\/stiftung-hilfreich.de\/index.php?rest_route=\/wp\/v2\/types\/page"}],"author":[{"embeddable":true,"href":"https:\/\/stiftung-hilfreich.de\/index.php?rest_route=\/wp\/v2\/users\/1"}],"replies":[{"embeddable":true,"href":"https:\/\/stiftung-hilfreich.de\/index.php?rest_route=%2Fwp%2Fv2%2Fcomments&post=420"}],"version-history":[{"count":24,"href":"https:\/\/stiftung-hilfreich.de\/index.php?rest_route=\/wp\/v2\/pages\/420\/revisions"}],"predecessor-version":[{"id":448,"href":"https:\/\/stiftung-hilfreich.de\/index.php?rest_route=\/wp\/v2\/pages\/420\/revisions\/448"}],"wp:attachment":[{"href":"https:\/\/stiftung-hilfreich.de\/index.php?rest_route=%2Fwp%2Fv2%2Fmedia&parent=420"}],"curies":[{"name":"wp","href":"https:\/\/api.w.org\/{rel}","templated":true}]}}