{"id":391,"date":"2019-10-10T10:10:13","date_gmt":"2019-10-10T08:10:13","guid":{"rendered":"https:\/\/stiftung-hilfreich.de\/?page_id=391"},"modified":"2023-06-22T11:55:17","modified_gmt":"2023-06-22T09:55:17","slug":"projekte-2019","status":"publish","type":"page","link":"https:\/\/stiftung-hilfreich.de\/?page_id=391","title":{"rendered":"Projekte 2019"},"content":{"rendered":"<p><img loading=\"lazy\" decoding=\"async\" src=\"https:\/\/stiftung-hilfreich.de\/wp-content\/uploads\/haende.jpg\" width=\"1170\" height=\"100\" \/><\/p>\n<h3><span style=\"color: #dd5a27;\">Lernen und verzaubert werden<\/span><\/h3>\n<p>Im Jahr 2019 wurden zwei Vorhaben durch die Stiftung Hilfreich gef\u00f6rdert. Ein ganz zauberhaftes Projekt und ein sehr praktisches Vorhaben.<br \/>\n<span style=\"line-height: 50%\"><\/span><br \/>\nDie F\u00f6rderung des Projekts <a href=\"https:\/\/stiftung-hilfreich.de\/?page_id=141#2017verfb\" target=\"_blank\" rel=\"noopener noreferrer\"><span style=\"background-color: #85bb27; color: #ffffff;\">Schulung von Verfahrensbeist\u00e4nden \u2197<\/span><\/a> aus dem Jahr 2017 wurde auch dieses Jahr (wie in 2018 schon) fortgef\u00fchrt.<\/p>\n<h4><span style=\"color: #dd5a27;\">Bewilligte Projektantr\u00e4ge<\/span><\/h4>\n<p><img loading=\"lazy\" decoding=\"async\" class=\"alignright size-full wp-image-174\" src=\"https:\/\/stiftung-hilfreich.de\/wp-content\/uploads\/lp-15-spiral-braun.jpg\" alt=\"Symbol braune Hand mit Spirale\" width=\"74\" height=\"74\" \/><br \/>\nSchon in den vergangenen Jahren war die Unterst\u00fctzung der Arbeit mit Kindern im familiengerichtlichen Verfahren im Blick der Stiftung. In diesem Jahr wird Anfang November das 1 1\/2 t\u00e4gige Seminar &#8222;Therapeutisches Zaubern&#8220; unterst\u00fctzt. Es wird von der erfahrenen<br \/>\n<a href=\"https:\/\/www.therapeutisches-zaubern.com\/ute\" target=\"_blank\" rel=\"noopener noreferrer\"><span style=\"background-color: #a02d1b; color: #ffffff;\">Zaubertherapeutin Ute von Koerber \u2197<\/span><\/a> geleitet, die in zahlreichen Zusammenh\u00e4ngen mit Kindern arbeitet, so z.B. als Klinikclown. Durch eine Kombination aus Zaubern und verzaubert werden entstehen einzigartige Momente, in denen Kinder den Mut finden k\u00f6nnen, Neues zu wagen und zu lernen. Ein Seminar f\u00fcr Menschen, die mit Kindern in schwierigen Situationen arbeiten, das die Stiftung sehr sinnvoll findet.<br \/>\n<img loading=\"lazy\" decoding=\"async\" class=\"alignright size-full wp-image-173\" src=\"https:\/\/stiftung-hilfreich.de\/wp-content\/uploads\/lp-14-voll-blau.jpg\" alt=\"Symbol blaue Hand\" width=\"74\" height=\"74\" \/><br \/>\nManchmal k\u00f6nnen wir unterst\u00fctzend helfen, auch wenn es sich um kein Projekt im eigentlichen Sinne handelt. In diesem Fall geht es um etwas ganz Praktisches: eine zweij\u00e4hrige Ausbildung zur Pflegeassistenz. Eine Mitarbeiterin des Jobcenters hat sich an die Stiftung gewendet mit der Bitte, einer alleinerziehenden Mutter einen finanziellen Betrag zuzuschie\u00dfen. Da ihr Sohn jetzt im Kindergartenalter ist, m\u00f6chte die junge Frau eine unterbrochene Ausbildung nachholen. Das Jobcenter hat nur begrenzte Mittel, dieses zu unterst\u00fctzen. Aber die Finanzen f\u00fcr Schulmittel wie Lehrb\u00fccher, Schreibmaterial etc. summieren sich dann doch zu einem Betrag, der unter diesen Umst\u00e4nden nicht alleine aufzubringen ist. Die Stiftung unterst\u00fctzt ausgesprochen gerne die Ausbildung der jungen Frau, auch weil der deutliche Einsatz f\u00fcr einen erfolgreichen Abschluss erkennbar ist. Wir w\u00fcnschen viel Erfolg und Freude an den neuen Fertigkeiten und Kenntnissen!<\/p>\n","protected":false},"excerpt":{"rendered":"<p>Lernen und verzaubert werden Im Jahr 2019 wurden zwei Vorhaben durch die Stiftung Hilfreich gef\u00f6rdert. Ein ganz zauberhaftes Projekt und ein sehr praktisches Vorhaben. Die F\u00f6rderung des Projekts Schulung von Verfahrensbeist\u00e4nden \u2197 aus dem Jahr 2017 wurde auch dieses Jahr (wie in 2018 schon) fortgef\u00fchrt. Bewilligte Projektantr\u00e4ge Schon in den vergangenen Jahren war die Unterst\u00fctzung &hellip; <\/p>\n<p><a class=\"more-link btn\" href=\"https:\/\/stiftung-hilfreich.de\/?page_id=391\">Weiterlesen<\/a><\/p>\n","protected":false},"author":1,"featured_media":0,"parent":0,"menu_order":0,"comment_status":"closed","ping_status":"closed","template":"","meta":{"footnotes":""},"class_list":["post-391","page","type-page","status-publish","hentry","nodate","item-wrap"],"_links":{"self":[{"href":"https:\/\/stiftung-hilfreich.de\/index.php?rest_route=\/wp\/v2\/pages\/391","targetHints":{"allow":["GET"]}}],"collection":[{"href":"https:\/\/stiftung-hilfreich.de\/index.php?rest_route=\/wp\/v2\/pages"}],"about":[{"href":"https:\/\/stiftung-hilfreich.de\/index.php?rest_route=\/wp\/v2\/types\/page"}],"author":[{"embeddable":true,"href":"https:\/\/stiftung-hilfreich.de\/index.php?rest_route=\/wp\/v2\/users\/1"}],"replies":[{"embeddable":true,"href":"https:\/\/stiftung-hilfreich.de\/index.php?rest_route=%2Fwp%2Fv2%2Fcomments&post=391"}],"version-history":[{"count":30,"href":"https:\/\/stiftung-hilfreich.de\/index.php?rest_route=\/wp\/v2\/pages\/391\/revisions"}],"predecessor-version":[{"id":563,"href":"https:\/\/stiftung-hilfreich.de\/index.php?rest_route=\/wp\/v2\/pages\/391\/revisions\/563"}],"wp:attachment":[{"href":"https:\/\/stiftung-hilfreich.de\/index.php?rest_route=%2Fwp%2Fv2%2Fmedia&parent=391"}],"curies":[{"name":"wp","href":"https:\/\/api.w.org\/{rel}","templated":true}]}}