{"id":380,"date":"2019-05-28T11:37:51","date_gmt":"2019-05-28T09:37:51","guid":{"rendered":"https:\/\/stiftung-hilfreich.de\/?page_id=380"},"modified":"2025-09-18T12:30:11","modified_gmt":"2025-09-18T10:30:11","slug":"unsere-stifter","status":"publish","type":"page","link":"https:\/\/stiftung-hilfreich.de\/?page_id=380","title":{"rendered":"Unsere Stifter"},"content":{"rendered":"<p><span style=\"color: #3366ff;\">Nach einer Stiftungsgr\u00fcndung k\u00f6nnen Organisationen mit Projekten, die zum Stiftungszweck passen, eine F\u00f6rderung beantragen. Einige Projekte k\u00f6nnen dann nach einer Pr\u00fcfung durch den Stiftungsrat finanziell unterst\u00fctzt werden. Eigene Mittel oder beh\u00f6rdliche Unterst\u00fctzungen sind in aller Regel sehr beschr\u00e4nkt und nur mit einer F\u00f6rderung k\u00f6nnen wichtige Teile sozialer Arbeit gemacht werden. Umso bekannter eine Stiftung durch ihre F\u00f6rderungen wird, umso mehr st\u00f6\u00dft nat\u00fcrlich auch diese an ihre Grenzen. Da ist es au\u00dferordentlich erfreulich, wenn der Name auch bei Menschen bekannter wird, die sich eine weitere (Zu-) Stiftung finanziell leisten und vorstellen k\u00f6nnen.<\/span><\/p>\n<p><span style=\"color: #3366ff;\">So traurig der Anlass ist, freut es uns doch, dass der Stiftung Kapital durch eine Vererbung zugekommen ist. Durch die Empfehlung von Herrn Andreas Day von <a style=\"color: #3366ff;\" href=\"http:\/\/www.dayundpartner.de\" target=\"_blank\" rel=\"noopener noreferrer\"><i>Day &amp; Partner<\/i> \u2197<\/a> kam nach dem Tod von Frau Dorit Krieger (geb. 1944, gest. 2017) ein bemerkenswert gro\u00dfes Kapital zus\u00e4tzlich in die Stiftung. Daf\u00fcr sind wir der Verstorbenen sehr dankbar!<\/span><\/p>\n<p><span style=\"color: #3366ff;\">\u00dcber die Jahre haben sich Elisabeth Bosse, Roswitha K\u00f6ln und Beate Froboese entschieden ebenfalls vor Ihrem Tod entschieden einen Teil Ihres Erbes an die Stiftung Hilfreich zu vererben.<\/span><\/p>\n<p><span style=\"color: #3366ff;\">Damit haben sich mehrere Stifter eingebracht: Ingrid Ortmann mit dem Erbe ihrer Tante Gertrud Katharina P\u00f6hl und ihres eigenen Erbes und die anderen durch die Vererbung. Diese Mittel k\u00f6nnen der Stiftungsstruktur entsprechend nicht direkt zur F\u00f6rderung genutzt werden, sondern nur ihre Ertr\u00e4ge. Eingesetzt werden sie f\u00fcr den Stiftungszweck: Bildung und Erziehung, Kinder- und Jugendf\u00f6rderung, Seniorenarbeit und Gesundheit sowie die V\u00f6lkerverst\u00e4ndigung zum Wohl der Menschen nachhaltig selbstlos zu f\u00f6rdern und zu entwickeln. Wenn Sie sich mit diesen Zielen identifizieren k\u00f6nnen, w\u00fcrden wir uns nat\u00fcrlich sehr freuen, wenn Sie sich mit dem Wunsch einer weiteren Zustiftung zu Hilfreich an uns wenden.<\/span><\/p>\n<p><!--\n<a href=\"https:\/\/www.obs-papenteich.de\/service-learning-projekte-seit-2010\" rel=\"noopener noreferrer\" target=\"_blank\"><span style=\"background-color: #003d93; color: #dddddd\">Service-Learning &#x2197;<\/span><\/a>\n\/\/--><\/p>\n","protected":false},"excerpt":{"rendered":"<p>Nach einer Stiftungsgr\u00fcndung k\u00f6nnen Organisationen mit Projekten, die zum Stiftungszweck passen, eine F\u00f6rderung beantragen. Einige Projekte k\u00f6nnen dann nach einer Pr\u00fcfung durch den Stiftungsrat finanziell unterst\u00fctzt werden. Eigene Mittel oder beh\u00f6rdliche Unterst\u00fctzungen sind in aller Regel sehr beschr\u00e4nkt und nur mit einer F\u00f6rderung k\u00f6nnen wichtige Teile sozialer Arbeit gemacht werden. Umso bekannter eine Stiftung durch &hellip; <\/p>\n<p><a class=\"more-link btn\" href=\"https:\/\/stiftung-hilfreich.de\/?page_id=380\">Weiterlesen<\/a><\/p>\n","protected":false},"author":1,"featured_media":0,"parent":0,"menu_order":0,"comment_status":"closed","ping_status":"closed","template":"","meta":{"footnotes":""},"class_list":["post-380","page","type-page","status-publish","hentry","nodate","item-wrap"],"_links":{"self":[{"href":"https:\/\/stiftung-hilfreich.de\/index.php?rest_route=\/wp\/v2\/pages\/380","targetHints":{"allow":["GET"]}}],"collection":[{"href":"https:\/\/stiftung-hilfreich.de\/index.php?rest_route=\/wp\/v2\/pages"}],"about":[{"href":"https:\/\/stiftung-hilfreich.de\/index.php?rest_route=\/wp\/v2\/types\/page"}],"author":[{"embeddable":true,"href":"https:\/\/stiftung-hilfreich.de\/index.php?rest_route=\/wp\/v2\/users\/1"}],"replies":[{"embeddable":true,"href":"https:\/\/stiftung-hilfreich.de\/index.php?rest_route=%2Fwp%2Fv2%2Fcomments&post=380"}],"version-history":[{"count":7,"href":"https:\/\/stiftung-hilfreich.de\/index.php?rest_route=\/wp\/v2\/pages\/380\/revisions"}],"predecessor-version":[{"id":668,"href":"https:\/\/stiftung-hilfreich.de\/index.php?rest_route=\/wp\/v2\/pages\/380\/revisions\/668"}],"wp:attachment":[{"href":"https:\/\/stiftung-hilfreich.de\/index.php?rest_route=%2Fwp%2Fv2%2Fmedia&parent=380"}],"curies":[{"name":"wp","href":"https:\/\/api.w.org\/{rel}","templated":true}]}}