{"id":374,"date":"2019-05-28T10:27:55","date_gmt":"2019-05-28T08:27:55","guid":{"rendered":"https:\/\/stiftung-hilfreich.de\/?page_id=374"},"modified":"2025-09-18T12:24:30","modified_gmt":"2025-09-18T10:24:30","slug":"die-geschichte-der-stiftung","status":"publish","type":"page","link":"https:\/\/stiftung-hilfreich.de\/?page_id=374","title":{"rendered":"Die Geschichte der Stiftung"},"content":{"rendered":"<p><!--\n\n<h3><span style=\"color: #dd5a27;\">Die Geschichte hinter der Stiftung...<\/span><\/h3>\n\n\/\/--><br \/>\n<span style=\"color: #16479f;\">Hinter jeder Stiftungsgr\u00fcndung steht eine Geschichte, die erz\u00e4hlt werden m\u00f6chte. Im Falle der Stiftung Hilfreich ist es die Lebensgeschichte der Damen Gertrud Katharina P\u00f6hl und Ingrid Ortmann. Beide sind an der Gr\u00fcndung der Stiftung beteiligt &#8211; jede auf ihre Weise.<\/span><\/p>\n<p><span style=\"color: #16479f;\">Gertrud Katharina P\u00f6hl war die Tante von Ingrid Ortmann, liebevoll wurde sie \u201eTante Trudel\u201c genannt. Ein sehr enges famili\u00e4res Band, gekn\u00fcpft aus unz\u00e4hligen gemeinsamen Erlebnissen in schweren und gl\u00fccklichen Zeiten, verband Tante und Nichte. Gertrud P\u00f6hl war f\u00fcr Ingrid Ortmann immer eine Vertrauensperson, daran konnten auch Flucht und vor\u00fcbergehende r\u00e4umliche Trennung nichts \u00e4ndern. Ihr Leben lang waren sie einander nahe und in den letzten Jahren vielleicht noch viel mehr als zuvor. Als \u201eTante Traudel\u201c aufgrund zunehmender gesundheitlicher Probleme im stattlichen Alter von 90 Jahren langsam die Lebenskraft verlie\u00df, machten sich beide Gedanken, wie man das Verm\u00f6gen f\u00fcr wohlt\u00e4tige Zwecke einsetzen k\u00f6nnte. Beide entschieden sich f\u00fcr die Gr\u00fcndung einer Stiftung, die sich mit den Dingen, die ihnen am Herzen liegen besch\u00e4ftigen soll.<\/span><\/p>\n<p><span style=\"color: #16479f;\">Durch Andreas Day nahm dieser gemeinsame Wunsch nach dem Tod von Gertrud Katharina P\u00f6hl schnell konkrete Formen an. Er stellte den Kontakt zur B\u00fcrgerstiftung Braunschweig her, so dass die Stiftung Hilfreich am 15. September 2011 mit einem Kapital von 110.000 \u20ac gegr\u00fcndet wurde.<\/span><\/p>\n<p><span style=\"color: #16479f;\">Besonders wichtig ist Ingrid Ortmann, dass diese Stiftung im Gedenken an Ihre Tante gegr\u00fcndet wurde und ohne sie gar nicht m\u00f6glich gewesen w\u00e4re. Jetzt ist der richtige Zeitpunkt gekommen, Gutes zu tun und auch dar\u00fcber zu reden.<\/span><\/p>\n<div style=\"width: 282px\" class=\"wp-caption alignnone\"><img loading=\"lazy\" decoding=\"async\" src=\"https:\/\/stiftung-hilfreich.de\/wp-content\/uploads\/unterschrift_ortmann_mit_day.jpg\" width=\"282\" height=\"323\" \/><p class=\"wp-caption-text\">Ingrid Ortmann und Andreas Day unterzeichnen den Treuhandvertrag.<\/p><\/div>\n\n\n<div style=\"height:50px\" aria-hidden=\"true\" class=\"wp-block-spacer\"><\/div>\n\n\n\n<p>Wir sind sehr traurig, dass uns Ingrid Ortmann im September 2025 verlassen hat.<\/p>\n\n\n\n<figure class=\"wp-block-image size-large\"><img loading=\"lazy\" decoding=\"async\" width=\"1024\" height=\"712\" src=\"https:\/\/stiftung-hilfreich.de\/wp-content\/uploads\/Todesanzeige-Frau-Ortmann-1024x712.jpg\" alt=\"Todesanzeige Frau Ortmann\" class=\"wp-image-661\" srcset=\"https:\/\/stiftung-hilfreich.de\/wp-content\/uploads\/Todesanzeige-Frau-Ortmann-1024x712.jpg 1024w, https:\/\/stiftung-hilfreich.de\/wp-content\/uploads\/Todesanzeige-Frau-Ortmann-300x209.jpg 300w, https:\/\/stiftung-hilfreich.de\/wp-content\/uploads\/Todesanzeige-Frau-Ortmann-768x534.jpg 768w, https:\/\/stiftung-hilfreich.de\/wp-content\/uploads\/Todesanzeige-Frau-Ortmann-1140x793.jpg 1140w, https:\/\/stiftung-hilfreich.de\/wp-content\/uploads\/Todesanzeige-Frau-Ortmann-1170x814.jpg 1170w, https:\/\/stiftung-hilfreich.de\/wp-content\/uploads\/Todesanzeige-Frau-Ortmann.jpg 1291w\" sizes=\"auto, (max-width: 1024px) 100vw, 1024px\" \/><\/figure>\n","protected":false},"excerpt":{"rendered":"<p>Hinter jeder Stiftungsgr\u00fcndung steht eine Geschichte, die erz\u00e4hlt werden m\u00f6chte. Im Falle der Stiftung Hilfreich ist es die Lebensgeschichte der Damen Gertrud Katharina P\u00f6hl und Ingrid Ortmann. Beide sind an der Gr\u00fcndung der Stiftung beteiligt &#8211; jede auf ihre Weise. Gertrud Katharina P\u00f6hl war die Tante von Ingrid Ortmann, liebevoll wurde sie \u201eTante Trudel\u201c genannt. &hellip; <\/p>\n<p><a class=\"more-link btn\" href=\"https:\/\/stiftung-hilfreich.de\/?page_id=374\">Weiterlesen<\/a><\/p>\n","protected":false},"author":1,"featured_media":0,"parent":0,"menu_order":0,"comment_status":"closed","ping_status":"closed","template":"","meta":{"footnotes":""},"class_list":["post-374","page","type-page","status-publish","hentry","nodate","item-wrap"],"_links":{"self":[{"href":"https:\/\/stiftung-hilfreich.de\/index.php?rest_route=\/wp\/v2\/pages\/374","targetHints":{"allow":["GET"]}}],"collection":[{"href":"https:\/\/stiftung-hilfreich.de\/index.php?rest_route=\/wp\/v2\/pages"}],"about":[{"href":"https:\/\/stiftung-hilfreich.de\/index.php?rest_route=\/wp\/v2\/types\/page"}],"author":[{"embeddable":true,"href":"https:\/\/stiftung-hilfreich.de\/index.php?rest_route=\/wp\/v2\/users\/1"}],"replies":[{"embeddable":true,"href":"https:\/\/stiftung-hilfreich.de\/index.php?rest_route=%2Fwp%2Fv2%2Fcomments&post=374"}],"version-history":[{"count":7,"href":"https:\/\/stiftung-hilfreich.de\/index.php?rest_route=\/wp\/v2\/pages\/374\/revisions"}],"predecessor-version":[{"id":666,"href":"https:\/\/stiftung-hilfreich.de\/index.php?rest_route=\/wp\/v2\/pages\/374\/revisions\/666"}],"wp:attachment":[{"href":"https:\/\/stiftung-hilfreich.de\/index.php?rest_route=%2Fwp%2Fv2%2Fmedia&parent=374"}],"curies":[{"name":"wp","href":"https:\/\/api.w.org\/{rel}","templated":true}]}}