{"id":346,"date":"2019-05-23T10:22:17","date_gmt":"2019-05-23T08:22:17","guid":{"rendered":"https:\/\/stiftung-hilfreich.de\/?page_id=346"},"modified":"2019-05-23T11:37:49","modified_gmt":"2019-05-23T09:37:49","slug":"2013-2","status":"publish","type":"page","link":"https:\/\/stiftung-hilfreich.de\/?page_id=346","title":{"rendered":"Projekte 2013"},"content":{"rendered":"<p><img loading=\"lazy\" decoding=\"async\" src=\"https:\/\/stiftung-hilfreich.de\/wp-content\/uploads\/haende.jpg\" width=\"1170\" height=\"100\" \/><\/p>\n<h3><span style=\"color: #dd5a27;\">Mobilit\u00e4t im Alter und f\u00fcr Menschen mit Behinderung<\/span><\/h3>\n<p>2013 wurden Projekte in Hinsicht auf gesellschaftliche Gruppen mit eingeschr\u00e4nkter Mobilit\u00e4t gef\u00f6rdert.<\/p>\n<p><img loading=\"lazy\" decoding=\"async\" src=\"https:\/\/stiftung-hilfreich.de\/wp-content\/uploads\/lp-1.jpg\" alt=\"Symbol Gelbe Hand\" width=\"74\" height=\"74\" class=\"alignleft size-full wp-image-116\" \/>Im Alter f\u00e4llt die Bewegung schwerer. So schwindet leider oft die Motivation, die Wohnung zu verlassen und neue Kontakte zu kn\u00fcpfen. Dem hat ein Projekt des <a href=\"https:\/\/www.drk-gifhorn.de\/angebote\/gesundheit-und-wohnen\/bewegung-und-spass\" rel=\"noopener noreferrer\" target=\"_blank\"><span style=\"background-color: #f8ba0a;\">Ortsvereins Schw\u00fclper vom Deutschen Roten Kreuz &#x2197;<\/span><\/a> entgegen gearbeitet, der ein <span style=\"background-color: #f8ba0a;\">Tanztreff f\u00fcr Senioren<\/span> veranstaltete. Solche Veranstaltungen haben jedoch einen sehr gro\u00dfen Posten in der Finanzierung, n\u00e4mlich die GEMA-Geb\u00fchren f\u00fcr die Musik. Es gibt zwar GEMA-freie Musik, die \u00e4lteren Menschen kennen sie leider nur nicht. Damit sie keine Hemmung haben, das Tanzbein zu schwingen, ist es daher besser, bekannte und beliebte St\u00fccke fr\u00fcherer Zeiten aufzuf\u00fchren. Die angefallenen Geb\u00fchren wurden von der Stiftung Hilfreich gef\u00f6rdert. Und so bekamen \u00e4ltere Menschen einen sch\u00f6nen Anreiz, aus dem Haus zu gehen, sich mit Menschen ihres Alters zu treffen und sich gemeinsam auf einfache Art zu bewegen. Tanzen ist gesund, macht Spa\u00df und bringt zusammen!<\/p>\n<p><img loading=\"lazy\" decoding=\"async\" src=\"https:\/\/stiftung-hilfreich.de\/wp-content\/uploads\/lp-2.jpg\" alt=\"Blaue Hand spiral\" width=\"77\" height=\"64\" class=\"alignright size-full wp-image-121\" \/>An der Oberschule Papenteich geh\u00f6rt f\u00fcr die Sch\u00fclerinnen\/Sch\u00fcler der Jahrg\u00e4nge 9 und 10 nicht nur das Lernen <i>f\u00fcr<\/i> das Leben, sondern auch <strong>im<\/strong> Leben dazu. Die Bezeichnung daf\u00fcr lautet <a href=\"https:\/\/www.obs-papenteich.de\/service-learning-projekte-seit-2010\" rel=\"noopener noreferrer\" target=\"_blank\"><span style=\"background-color: #003d93; color: #dddddd\">Service-Learning &#x2197;<\/span><\/a> und umfasst drei Profilbereiche: Wirtschaft, Gesundheit &#038; Soziales oder Technik. Einige Sch\u00fcler\/-innen, die sich f\u00fcr Gesundheit &#038; Soziales engagiert haben, haben einen Mobilit\u00e4tsf\u00fchrer f\u00fcr Menschen mit Beeintr\u00e4chtigungen erarbeitet und herausgebracht. Daf\u00fcr haben sie  zahlreiche Firmen, Gesch\u00e4fte und Institutionen aufgesucht und erkundet &#038; gemessen, wie geeignet f\u00fcr Behinderte Eing\u00e4nge, B\u00fcros, G\u00e4nge, T\u00fcren etc. sind. Die Stiftung Hilfreich konnte sich an dem Projekt durch eine F\u00f6rderung mit beteiligen. Sehr erfreulich ist, dass der Mobilit\u00e4tsf\u00fchrer nicht nur zur Information der Zielgruppe dient, sondern auch schon positive Nachwirkung konkreter Art hat, z.B. notwendige Umbauma\u00dfnahmen. Und einige Firmen meldeten sich, um in einer weiteren Auflage mit aufgenommen zu werden. Den Sch\u00fcler\/-innen hat dieser lebenspraktische, motivierende und lehrreiche Unterricht Spa\u00df gemacht und sie, ihre Eltern und die Schule sind mit Recht stolz auf das Engagement und Ergebnis. Auch \u00fcber den &#8222;sozial genial&#8220; <a href=\"https:\/\/www.aktive-buergerschaft.de\/schueler-engagieren-sich-und-lernen-fuers-leben\" rel=\"noopener noreferrer\" target=\"_blank\"><span style=\"background-color: #003d93; color: #dddddd\">Wettbewerbspreis&#x2197;<\/span><\/a>, mit dem die OBS Papenteich 2015 als eine von 5 Schulen bundesweit f\u00fcr das soziale Engagement ihrer Sch\u00fcler\/-innen ausgezeichnet wurde.<\/p>\n","protected":false},"excerpt":{"rendered":"<p>Mobilit\u00e4t im Alter und f\u00fcr Menschen mit Behinderung 2013 wurden Projekte in Hinsicht auf gesellschaftliche Gruppen mit eingeschr\u00e4nkter Mobilit\u00e4t gef\u00f6rdert. Im Alter f\u00e4llt die Bewegung schwerer. So schwindet leider oft die Motivation, die Wohnung zu verlassen und neue Kontakte zu kn\u00fcpfen. Dem hat ein Projekt des Ortsvereins Schw\u00fclper vom Deutschen Roten Kreuz &#x2197; entgegen gearbeitet, &hellip; <\/p>\n<p><a class=\"more-link btn\" href=\"https:\/\/stiftung-hilfreich.de\/?page_id=346\">Weiterlesen<\/a><\/p>\n","protected":false},"author":1,"featured_media":0,"parent":0,"menu_order":0,"comment_status":"closed","ping_status":"closed","template":"","meta":{"footnotes":""},"class_list":["post-346","page","type-page","status-publish","hentry","nodate","item-wrap"],"_links":{"self":[{"href":"https:\/\/stiftung-hilfreich.de\/index.php?rest_route=\/wp\/v2\/pages\/346","targetHints":{"allow":["GET"]}}],"collection":[{"href":"https:\/\/stiftung-hilfreich.de\/index.php?rest_route=\/wp\/v2\/pages"}],"about":[{"href":"https:\/\/stiftung-hilfreich.de\/index.php?rest_route=\/wp\/v2\/types\/page"}],"author":[{"embeddable":true,"href":"https:\/\/stiftung-hilfreich.de\/index.php?rest_route=\/wp\/v2\/users\/1"}],"replies":[{"embeddable":true,"href":"https:\/\/stiftung-hilfreich.de\/index.php?rest_route=%2Fwp%2Fv2%2Fcomments&post=346"}],"version-history":[{"count":21,"href":"https:\/\/stiftung-hilfreich.de\/index.php?rest_route=\/wp\/v2\/pages\/346\/revisions"}],"predecessor-version":[{"id":370,"href":"https:\/\/stiftung-hilfreich.de\/index.php?rest_route=\/wp\/v2\/pages\/346\/revisions\/370"}],"wp:attachment":[{"href":"https:\/\/stiftung-hilfreich.de\/index.php?rest_route=%2Fwp%2Fv2%2Fmedia&parent=346"}],"curies":[{"name":"wp","href":"https:\/\/api.w.org\/{rel}","templated":true}]}}