{"id":325,"date":"2019-05-07T10:31:55","date_gmt":"2019-05-07T08:31:55","guid":{"rendered":"https:\/\/stiftung-hilfreich.de\/?page_id=325"},"modified":"2019-10-10T10:29:35","modified_gmt":"2019-10-10T08:29:35","slug":"projekte-2014","status":"publish","type":"page","link":"https:\/\/stiftung-hilfreich.de\/?page_id=325","title":{"rendered":"Projekte 2014"},"content":{"rendered":"<p><img loading=\"lazy\" decoding=\"async\" src=\"https:\/\/stiftung-hilfreich.de\/wp-content\/uploads\/haende.jpg\" width=\"1170\" height=\"100\" \/><\/p>\n<h3><span style=\"color: #dd5a27;\">Bildung und Begegnung<\/span><\/h3>\n<p>In 2014 gab es verschiedene Projekte f\u00fcr Jugend und Senioren und nicht nur der zwischenmenschliche Dialog war Ziel, ein Projekt lie\u00df auch Tiere &#8222;sprechen&#8220;.<\/p>\n<h4><span style=\"color: #dd5a27;\">Gef\u00f6rdert wurden:<\/span><\/h4>\n<p><img loading=\"lazy\" decoding=\"async\" src=\"https:\/\/stiftung-hilfreich.de\/wp-content\/uploads\/lp-12-leer-braun.jpg\" alt=\"Symbol braune Hand leer\" width=\"74\" height=\"74\" class=\"alignright size-full wp-image-171\" \/>In wirtschaftlichen Bereichen sind Ma\u00dfnahmen zur Qualit\u00e4tssicherung inzwischen Standard. Auch in sozialen Einrichtungen gilt das Streben der Wahrung und dem Ausbau qualitativ wertvoller Arbeit, auch als Nachweis der Eignung ihrer Arbeit gegen\u00fcber gesetzlichen Bestimmungen oder den Anforderungen von Krankenkassen. Die \u00fcblichen Verfahren im Bereich Qualit\u00e4tssicherung m\u00fcssen jedoch auf jeden Fall an die speziellen Belange f\u00fcr p\u00e4dagogische und soziale Einrichtungen angepasst werden. Das <a href=\"https:\/\/hospiz-braunschweig.de\" rel=\"noopener noreferrer\" target=\"_blank\"><span style=\"background-color: #A03020; color: #ffffff;\">Hospiz Braunschweig &#x2197;<\/span><\/a> bat die Stiftung Hilfreich (von der B\u00fcrgerstiftung Braunschweig treuh\u00e4nderisch verwaltet) um die F\u00f6rderung der <strong>Weiterbildung einer Mitarbeiterin zur Qualit\u00e4tskoordinatorin<\/strong> nach dem GAB-Verfahren (das auf die Arbeit in sozialen Einrichtungen abgestimmt ist). Die Ausbildung startete berufsbegleitend Ende 2014 und konnte im Herbst 2015 erfolgreich abgeschlossen werden.<\/p>\n<p><img loading=\"lazy\" decoding=\"async\" src=\"https:\/\/stiftung-hilfreich.de\/wp-content\/uploads\/lp-13-leer-gelb.jpg\" alt=\"Symbol gelbe Hand leer\" width=\"74\" height=\"74\" class=\"alignleft size-full wp-image-172\" \/><br \/>\nEin Projektseminar Ende November besch\u00e4ftigte sich mit dem Thema Sterben. Veranstaltet wurde es von der Regionalgruppe von Stipendiaten der <a href=\"https:\/\/www.sdw.org\" rel=\"noopener noreferrer\" target=\"_blank\"><span style=\"background-color: #F8B810; color: #ffffff;\">Stiftung der Deutschen Wirtschaft &#x2197;<\/span><\/a> f\u00fcr 26 Teilnehmer, die ebenfalls ein Stipendium bekommen, weil sie sich durch ihr soziales Engagement auszeichnen. Die jungen Menschen haben verschiedene Referenten geh\u00f6rt, die unterschiedlichste Aspekte des Themas behandelt haben. Workshop und Diskussion vertieften auch die Aspekte der t\u00e4glichen Begegnung mit dem Thema Tod. In dem Seminar hat sich damit f\u00fcr junge Menschen das Wissen um Merkmale von Tod und Sterben vertieft. Da die meisten Menschen das Thema eher meiden, ist diese Weiterbildung zweifelsfrei ein wichtiger Baustein in ihrer weiteren Arbeit in sozialen Bereichen.\n<\/p>\n<p><img loading=\"lazy\" decoding=\"async\" src=\"https:\/\/stiftung-hilfreich.de\/wp-content\/uploads\/lp-14-voll-blau.jpg\" alt=\"Symbol blaue Hand\" width=\"74\" height=\"74\" class=\"alignright size-full wp-image-173\" \/><br \/>\nDie <a href=\"https:\/\/www.obs-papenteich.de\" rel=\"noopener noreferrer\" target=\"_blank\"><span style=\"background-color: #00408F; color: #ffffff;\">Oberschule Papenteich &#x2197;<\/span><\/a> in Schw\u00fclper hat im April 2014 f\u00fcr die 9. Klassen einen Projekttag durchgef\u00fchrt, an dem unterschiedlichste Ideen f\u00fcr sozial ausgerichtete Projekte entwickelt wurden. Die Idee, das Gespr\u00e4ch zwischen Jung und Alt zu f\u00f6rdern, indem sie gemeinsam kochen und essen, wurde dann Anfang Juni umgesetzt. Und die Teilnehmer wurden zus\u00e4tzlich neugierig gemacht, indem ausschlie\u00dflich vegane Rezepte ausgew\u00e4hlt wurden. 25 Teilnehmer waren beim Projekt <strong>Vegan verbindet Generationen<\/strong> dabei und die Ergebnisse waren ausgesprochen lecker. Den beiden Generationen hat es viel Spa\u00df gemacht und sie haben lebhaft Kocherfahrungen, Speise-Vorlieben und andere Geschichten miteinander ausgetauscht. Die Stiftung Hilfreich hat zum Stiftungszweck, den Dialog zwischen jungen und \u00e4lteren Menschen zu unterst\u00fctzen und freut sich sehr, dass die Sch\u00fcler eine so tolle Idee hatten, deren Umsetzung wir ausgesprochen gerne gef\u00f6rdert haben!\n<\/p>\n<p><img loading=\"lazy\" decoding=\"async\" src=\"https:\/\/stiftung-hilfreich.de\/wp-content\/uploads\/lp-15-spiral-braun.jpg\" alt=\"Symbol braune Hand mit Spirale\" width=\"74\" height=\"74\" class=\"alignright size-full wp-image-174\" \/><br \/>\nKommunikation findet nicht nur \u00fcber Miteinander Reden statt. Ber\u00fchren und Streicheln kommen h\u00e4ufig viel zu kurz in unserem Kulturkreis. Jedoch f\u00e4llt es oft leichter, Tiere zu streicheln. Und \u00e4ltere Menschen, die unter Umst\u00e4nden im Laufe ihres Lebens auf dem Land gelebt haben und\/oder selber Haustiere hatten, freuen sich sehr, wenn sie Gelegenheit dazu bekommen. Die Ergotherapeutin F. Neumann der Seniorenresidenz &#8222;An den Meerwiesen&#8220; in Schw\u00fclper bekam einen Prospekt der <a href=\"https:\/\/kinder-tiere-kommunikation.de\" rel=\"noopener noreferrer\" target=\"_blank\"><span style=\"background-color: #A02D1B; color: #ffffff;\">Tierheilpraktikerin Corinna Michelsen &#x2197;<\/span><\/a> in die H\u00e4nde. Diese macht auch Hausbesuche mit einem Mobilen Zoo und so kam es zu dem Wunsch, sie f\u00fcr die Sommermonate einzuladen, mehrere Besuche in der Seniorenresidenz zu machen. Die Senioren und Seniorinnen haben die Besuche des kleinen Zoos von Hund, Ziege und Meerschweinchen sehr genossen. Einige sind an Alzheimer erkrankt, jedoch konnten sie sich in diesen Stunden mit Freude an ihre Kindheit erinnern, in der sie mit tierischen Lieblingen zusammen lebten.<\/p>\n","protected":false},"excerpt":{"rendered":"<p>Bildung und Begegnung In 2014 gab es verschiedene Projekte f\u00fcr Jugend und Senioren und nicht nur der zwischenmenschliche Dialog war Ziel, ein Projekt lie\u00df auch Tiere &#8222;sprechen&#8220;. Gef\u00f6rdert wurden: In wirtschaftlichen Bereichen sind Ma\u00dfnahmen zur Qualit\u00e4tssicherung inzwischen Standard. Auch in sozialen Einrichtungen gilt das Streben der Wahrung und dem Ausbau qualitativ wertvoller Arbeit, auch als &hellip; <\/p>\n<p><a class=\"more-link btn\" href=\"https:\/\/stiftung-hilfreich.de\/?page_id=325\">Weiterlesen<\/a><\/p>\n","protected":false},"author":1,"featured_media":0,"parent":0,"menu_order":0,"comment_status":"closed","ping_status":"closed","template":"","meta":{"footnotes":""},"class_list":["post-325","page","type-page","status-publish","hentry","nodate","item-wrap"],"_links":{"self":[{"href":"https:\/\/stiftung-hilfreich.de\/index.php?rest_route=\/wp\/v2\/pages\/325","targetHints":{"allow":["GET"]}}],"collection":[{"href":"https:\/\/stiftung-hilfreich.de\/index.php?rest_route=\/wp\/v2\/pages"}],"about":[{"href":"https:\/\/stiftung-hilfreich.de\/index.php?rest_route=\/wp\/v2\/types\/page"}],"author":[{"embeddable":true,"href":"https:\/\/stiftung-hilfreich.de\/index.php?rest_route=\/wp\/v2\/users\/1"}],"replies":[{"embeddable":true,"href":"https:\/\/stiftung-hilfreich.de\/index.php?rest_route=%2Fwp%2Fv2%2Fcomments&post=325"}],"version-history":[{"count":18,"href":"https:\/\/stiftung-hilfreich.de\/index.php?rest_route=\/wp\/v2\/pages\/325\/revisions"}],"predecessor-version":[{"id":399,"href":"https:\/\/stiftung-hilfreich.de\/index.php?rest_route=\/wp\/v2\/pages\/325\/revisions\/399"}],"wp:attachment":[{"href":"https:\/\/stiftung-hilfreich.de\/index.php?rest_route=%2Fwp%2Fv2%2Fmedia&parent=325"}],"curies":[{"name":"wp","href":"https:\/\/api.w.org\/{rel}","templated":true}]}}