{"id":297,"date":"2019-04-09T12:41:29","date_gmt":"2019-04-09T10:41:29","guid":{"rendered":"https:\/\/stiftung-hilfreich.de\/?page_id=297"},"modified":"2019-04-30T14:03:15","modified_gmt":"2019-04-30T12:03:15","slug":"projekte-2015","status":"publish","type":"page","link":"https:\/\/stiftung-hilfreich.de\/?page_id=297","title":{"rendered":"Projekte 2015"},"content":{"rendered":"<p><img loading=\"lazy\" decoding=\"async\" src=\"https:\/\/stiftung-hilfreich.de\/wp-content\/uploads\/haende.jpg\" width=\"1170\" height=\"100\" \/><\/p>\n<h3><span style=\"color: #dd5a27;\">Dialog und Unterst\u00fctzung<\/span><\/h3>\n<p>2015 lag das Augenmerk unserer F\u00f6rderungen unter anderem auf dem Dialog zwischen Jung und Alt und Bildungsma\u00dfnahmen f\u00fcr die Unterst\u00fctzung in schwierigen Lebenslagen.<\/p>\n<h4><span style=\"color: #dd5a27;\">Gef\u00f6rderte Projekte<\/span><\/h4>\n<p><img loading=\"lazy\" decoding=\"async\" src=\"https:\/\/stiftung-hilfreich.de\/wp-content\/uploads\/lp-09-spiral-gr\u00fcn.jpg\" alt=\"Symbol gr\u00fcne Hand mit Spirale\" width=\"74\" height=\"74\" class=\"alignleft size-full wp-image-168\" \/>Eine lang laufendes, aber nicht langweiliges Projekt: <strong>Jung fragt Alt<\/strong>. Die Oberschule Papenteich und die Medienwerkstatt Schw\u00fclper haben in eineinhalb Jahren den Dialog zwischen Jung und Alt im Blick gehabt. Zehntkl\u00e4ssler haben Interviews ausgearbeitet und durchgef\u00fchrt mit den Fragestellungen, wie es Jugendlichen vor 50, 60 oder sogar 70 Jahren in der Region ging, was sie damals gemacht haben, was heute so nicht mehr geht oder auch, was sie gerne gemacht h\u00e4tten, was heute m\u00f6glich ist. <strong>Dokumentiert wurden 10 Interviews mit Medientechnik und ein 50 min\u00fctiger Film wurde erstellt.<\/strong> Spannend, so ein Vergleich zwischen damals und heute.<\/p>\n<p><img loading=\"lazy\" decoding=\"async\" src=\"https:\/\/stiftung-hilfreich.de\/wp-content\/uploads\/lp-10-leer-blau.jpg\" alt=\"Symbol Blaue Hand leer\" width=\"74\" height=\"74\" class=\"alignright size-full wp-image-169\" \/><br \/>\nVon nahen Menschen Abschied zu nehmen f\u00e4llt den meisten von uns sehr schwer; insbesondere wenn es gilt, sich zu verabschieden von Angeh\u00f6rigen, Partnern und Freunden, die man schon lange kennt und denen man sich sehr verbunden f\u00fchlt. Das gilt ausgepr\u00e4gt f\u00fcr einen durch Demenz verursachten Sterbeprozess. Dieser Abschied dauert oft recht lange und nimmt schrittweise konkretere Formen an. Zum einen ist das nat\u00fcrlich eine Chance, sich wirklich zu verabschieden; diese Chance bietet sich nicht, wenn ein Angeh\u00f6riger pl\u00f6tzlich verstirbt, z.B. durch einen Unfall oder einen pl\u00f6tzlichen Tod durch Krankheit. Nat\u00fcrlich kostet ein Abschied &#8222;auf Raten&#8220; bei einer Demenz sehr viel Geduld, Einf\u00fchlungsverm\u00f6gen und den Willen sowie die St\u00e4rke, den Schmerz eine ganze Zeit lang zu akzeptieren. Um diese Aspekte dreht sich die <strong>Brosch\u00fcre &#8222;Abschiednehmen, Sterben und Trauer bei Demenz&#8220;<\/strong> der <a href=\"https:\/\/www.alzheimer-braunschweig.de\" rel=\"noopener noreferrer\" target=\"_blank\"><span style=\"background-color: #004090; color: #ffffff;\">Alzheimer Gesellschaft Braunschweig e.V. &#x2197;<\/span><\/a>, deren Druck einer zweiten Auflage wir im Jahr 2015 f\u00f6rdern konnten.\n<\/p>\n<p><img loading=\"lazy\" decoding=\"async\" src=\"https:\/\/stiftung-hilfreich.de\/wp-content\/uploads\/lp-11-voll-gr\u00fcn.jpg\" alt=\"Symbol Gr\u00fcne Hand voll\" width=\"74\" height=\"74\" class=\"alignleft size-full wp-image-170\" \/><br \/>\nEbenfalls zum Thema Sterben und der dazugeh\u00f6rigen Trauer gab es ein F\u00f6rderprojekt f\u00fcr die <a href=\"https:\/\/www.hospizarbeit-braunschweig.de\" rel=\"noopener noreferrer\" target=\"_blank\"><span style=\"background-color: #7AB61A; color: #ffffff;\">Hospizarbeit Braunschweig &#x2197;<\/span><\/a>. Dort arbeiten zahlreiche Ehrenamtliche im ambulanten Hospizdienst. Der Hospizbewegung ist es wichtig, nicht nur den Sterbeprozess helfend zu begleiten, sondern auch Aufkl\u00e4rung zu leisten und so der Gesellschaft einen Weg zu bieten, Sterben und Tod nicht einfach verdr\u00e4ngen zu &#8222;m\u00fcssen&#8220;. Erwachsene wissen oft genug selber nicht, wie sie mit dem Thema Sterben\/Trauer umgehen k\u00f6nnen und finden es noch schwieriger, Kindern dazu Fragen zu beantworten oder in einer traurigen Situation beizustehen. Kinder in Grundschulen (3.\/4. Klassenstufe) sind f\u00fcr das Thema schon offen und so gibt es das bundesweite Projekt <a href=\"https:\/\/hospizmachtschule.de\/projekt.php?subsec=description\" rel=\"noopener noreferrer\" target=\"_blank\"><span style=\"background-color: #7AB61A; color: #ffffff;\">Hospiz macht Schule &#x2197;<\/span><\/a>, das auch in Braunschweig genutzt wird. Die Ausbildung zweier Ehrenamtlicher der Hospizarbeit Braunschweig konnte mit Hilfe einer F\u00f6rderung durch die Stiftung Hilfreich gef\u00f6rdert werden. <a href=\"https:\/\/de.wikipedia.org\/wiki\/Hospiz\" rel=\"noopener noreferrer\" target=\"_blank\"><span style=\"background-color: #7AB61A; color: #ffffff;\">Hospiz &#x2197;<\/span><\/a><\/p>\n","protected":false},"excerpt":{"rendered":"<p>Dialog und Unterst\u00fctzung 2015 lag das Augenmerk unserer F\u00f6rderungen unter anderem auf dem Dialog zwischen Jung und Alt und Bildungsma\u00dfnahmen f\u00fcr die Unterst\u00fctzung in schwierigen Lebenslagen. Gef\u00f6rderte Projekte Eine lang laufendes, aber nicht langweiliges Projekt: Jung fragt Alt. Die Oberschule Papenteich und die Medienwerkstatt Schw\u00fclper haben in eineinhalb Jahren den Dialog zwischen Jung und Alt &hellip; <\/p>\n<p><a class=\"more-link btn\" href=\"https:\/\/stiftung-hilfreich.de\/?page_id=297\">Weiterlesen<\/a><\/p>\n","protected":false},"author":1,"featured_media":0,"parent":0,"menu_order":0,"comment_status":"closed","ping_status":"closed","template":"","meta":{"footnotes":""},"class_list":["post-297","page","type-page","status-publish","hentry","nodate","item-wrap"],"_links":{"self":[{"href":"https:\/\/stiftung-hilfreich.de\/index.php?rest_route=\/wp\/v2\/pages\/297","targetHints":{"allow":["GET"]}}],"collection":[{"href":"https:\/\/stiftung-hilfreich.de\/index.php?rest_route=\/wp\/v2\/pages"}],"about":[{"href":"https:\/\/stiftung-hilfreich.de\/index.php?rest_route=\/wp\/v2\/types\/page"}],"author":[{"embeddable":true,"href":"https:\/\/stiftung-hilfreich.de\/index.php?rest_route=\/wp\/v2\/users\/1"}],"replies":[{"embeddable":true,"href":"https:\/\/stiftung-hilfreich.de\/index.php?rest_route=%2Fwp%2Fv2%2Fcomments&post=297"}],"version-history":[{"count":18,"href":"https:\/\/stiftung-hilfreich.de\/index.php?rest_route=\/wp\/v2\/pages\/297\/revisions"}],"predecessor-version":[{"id":324,"href":"https:\/\/stiftung-hilfreich.de\/index.php?rest_route=\/wp\/v2\/pages\/297\/revisions\/324"}],"wp:attachment":[{"href":"https:\/\/stiftung-hilfreich.de\/index.php?rest_route=%2Fwp%2Fv2%2Fmedia&parent=297"}],"curies":[{"name":"wp","href":"https:\/\/api.w.org\/{rel}","templated":true}]}}