{"id":23,"date":"2017-12-14T10:36:04","date_gmt":"2017-12-14T10:36:04","guid":{"rendered":"http:\/\/stiftung-hilfreich.de\/?page_id=23"},"modified":"2023-07-11T12:57:03","modified_gmt":"2023-07-11T10:57:03","slug":"projekte","status":"publish","type":"page","link":"https:\/\/stiftung-hilfreich.de\/?page_id=23","title":{"rendered":"Projekte"},"content":{"rendered":"<p><img loading=\"lazy\" decoding=\"async\" src=\"https:\/\/stiftung-hilfreich.de\/wp-content\/uploads\/haende.jpg\" width=\"1170\" height=\"100\" \/><\/p>\n<h3><span style=\"color: #dd5a27;\">Spuren hinterlassen<\/span><br \/>\n<span style=\"color: #dd5a27;\">Projektideen der Stiftung Hilfreich<\/span><\/h3>\n<p><span style=\"color: #16479f;\">Die Stiftung Hilfreich spezialisiert sich auf das Zusammenf\u00fchren und die F\u00f6rderung von Jugend und Senioren in den Bereichen Bildung, Erziehung, Gesundheit und V\u00f6lkerverst\u00e4ndigung. Das ist ein weites Feld in dem zun\u00e4chst kleine F\u00e4hrten gelegt werden und hoffentlich bald gro\u00dfe Spuren hinterlassen werden.<\/span><\/p>\n<h4><span style=\"color: #fdb72c;\">Jung und Alt gemeinsam<\/span><\/h4>\n<p><span style=\"color: #16479f;\">Der angestrebte Dialog der Generationen f\u00f6rdert den Austausch und das Zusammenleben von Jung und Alt in direkter Nachbarschaft. Das konstruktive Miteinander der Generationen ist getragen von dem Bewusstsein, dass Menschen aller Generationen voneinander lernen und profitieren k\u00f6nnen. Die intergenerationellen Begegnungen sind zu Anfang p\u00e4dagogisch bewusst initiiert und organisiert, bilden mit zunehmender Dauer aber selbstverst\u00e4ndliche Normalit\u00e4t im Miteinander der Generationen.<\/span><\/p>\n<p><span style=\"color: #16479f;\">Die Auseinandersetzung mit verschiedenen Lebensentw\u00fcrfen, von Modernen mit Traditionellem, findet unmittelbar statt. Die Weitergabe von Wissen und Erfahrungen wird von den Senioren als positive Wertsch\u00e4tzung empfunden und von J\u00fcngeren neugierig und interessiert aufgenommen. Werte wie Achtung und Respekt vor der Lebensleistung alter Menschen werden nicht nur vermittelt, sondern direkt erlebt. Moderner Zeitgeist und neues Wissen werden durch die Jungen pr\u00e4sentiert und von den Alten leichter akzeptiert. Gemeinsame Erlebnisse schaffen emotionale Verbindungen. Hemmschwellen und gegenseitige \u00c4ngste zwischen den Generationen werden \u201espielend\u201c \u00fcberwunden.<\/span><\/p>\n<p><span style=\"color: #16479f;\">Unsere Ziele haben einen hohen Anspruch und wir freuen uns sehr, Ihre Unterst\u00fctzung daf\u00fcr zu bekommen! Bitte sprechen Sie uns an, wenn Sie Ideen dazu haben.<\/br><br \/>\nWenn Sie selber Projekte in den oben genannten Bereichen haben und an einer F\u00f6rderung interessiert sind, treten Sie mit uns in Kontakt.<br \/>\n<\/span><\/p>\n<p><span><br \/>\n<a href=\"https:\/\/stiftung-hilfreich.de\/?page_id=420\" class=\"hrbtn\">Projekte in 2020<\/a>&nbsp;&nbsp;&nbsp;<a href=\"https:\/\/stiftung-hilfreich.de\/?page_id=502\" class=\"hrbtn\">Projekte in 2021<\/a>&nbsp;&nbsp;&nbsp;<a href=\"https:\/\/stiftung-hilfreich.de\/?page_id=530\" class=\"hrbtn\">Projekte in 2022<\/a>&nbsp;&nbsp;&nbsp;<a href=\"https:\/\/stiftung-hilfreich.de\/?page_id=588\" class=\"hrbtn\">Projekte in 2023<\/a><br \/>\n<\/span><\/p>\n<p><span><br \/>\n<a href=\"https:\/\/stiftung-hilfreich.de\/?page_id=297\" class=\"hrbtn\">Projekte in 2015<\/a>&nbsp;&nbsp;&nbsp;<a href=\"https:\/\/stiftung-hilfreich.de\/?page_id=205\" class=\"hrbtn\">Projekte in 2016<\/a>&nbsp;&nbsp;&nbsp;<a href=\"https:\/\/stiftung-hilfreich.de\/?page_id=141\" class=\"hrbtn\">Projekte in 2017<\/a>&nbsp;&nbsp;&nbsp;<a href=\"https:\/\/stiftung-hilfreich.de\/?page_id=103\" class=\"hrbtn\">Projekte in 2018<\/a>&nbsp;&nbsp;&nbsp;<a href=\"https:\/\/stiftung-hilfreich.de\/?page_id=391\" class=\"hrbtn\">Projekte in 2019<\/a><br \/>\n<\/span><\/p>\n<p><span><br \/>\n<a href=\"https:\/\/stiftung-hilfreich.de\/?page_id=346\" class=\"hrbtn\">Projekte in 2013<\/a>&nbsp;&nbsp;&nbsp;<a href=\"https:\/\/stiftung-hilfreich.de\/?page_id=325\" class=\"hrbtn\">Projekte in 2014<\/a><br \/>\n<\/span><\/p>\n","protected":false},"excerpt":{"rendered":"<p>Spuren hinterlassen Projektideen der Stiftung Hilfreich Die Stiftung Hilfreich spezialisiert sich auf das Zusammenf\u00fchren und die F\u00f6rderung von Jugend und Senioren in den Bereichen Bildung, Erziehung, Gesundheit und V\u00f6lkerverst\u00e4ndigung. Das ist ein weites Feld in dem zun\u00e4chst kleine F\u00e4hrten gelegt werden und hoffentlich bald gro\u00dfe Spuren hinterlassen werden. Jung und Alt gemeinsam Der angestrebte Dialog &hellip; <\/p>\n<p><a class=\"more-link btn\" href=\"https:\/\/stiftung-hilfreich.de\/?page_id=23\">Weiterlesen<\/a><\/p>\n","protected":false},"author":1,"featured_media":0,"parent":0,"menu_order":2,"comment_status":"closed","ping_status":"closed","template":"","meta":{"footnotes":""},"class_list":["post-23","page","type-page","status-publish","hentry","nodate","item-wrap"],"_links":{"self":[{"href":"https:\/\/stiftung-hilfreich.de\/index.php?rest_route=\/wp\/v2\/pages\/23","targetHints":{"allow":["GET"]}}],"collection":[{"href":"https:\/\/stiftung-hilfreich.de\/index.php?rest_route=\/wp\/v2\/pages"}],"about":[{"href":"https:\/\/stiftung-hilfreich.de\/index.php?rest_route=\/wp\/v2\/types\/page"}],"author":[{"embeddable":true,"href":"https:\/\/stiftung-hilfreich.de\/index.php?rest_route=\/wp\/v2\/users\/1"}],"replies":[{"embeddable":true,"href":"https:\/\/stiftung-hilfreich.de\/index.php?rest_route=%2Fwp%2Fv2%2Fcomments&post=23"}],"version-history":[{"count":29,"href":"https:\/\/stiftung-hilfreich.de\/index.php?rest_route=\/wp\/v2\/pages\/23\/revisions"}],"predecessor-version":[{"id":649,"href":"https:\/\/stiftung-hilfreich.de\/index.php?rest_route=\/wp\/v2\/pages\/23\/revisions\/649"}],"wp:attachment":[{"href":"https:\/\/stiftung-hilfreich.de\/index.php?rest_route=%2Fwp%2Fv2%2Fmedia&parent=23"}],"curies":[{"name":"wp","href":"https:\/\/api.w.org\/{rel}","templated":true}]}}