{"id":205,"date":"2018-10-04T09:14:20","date_gmt":"2018-10-04T09:14:20","guid":{"rendered":"https:\/\/stiftung-hilfreich.de\/?page_id=205"},"modified":"2019-04-30T12:19:14","modified_gmt":"2019-04-30T10:19:14","slug":"projekte-2016","status":"publish","type":"page","link":"https:\/\/stiftung-hilfreich.de\/?page_id=205","title":{"rendered":"Projekte 2016"},"content":{"rendered":"<p><img loading=\"lazy\" decoding=\"async\" src=\"https:\/\/stiftung-hilfreich.de\/wp-content\/uploads\/haende.jpg\" width=\"1170\" height=\"100\" \/><\/p>\n<h3><span style=\"color: #dd5a27;\">Unser Anliegen: Unterst\u00fctzung f\u00fcr junge und alte Menschen<\/span><\/h3>\n<p>2016 konnten einige Projekte mit gef\u00f6rdert werden und wir m\u00f6chten diese im Folgenden kurz vorstellen.<\/p>\n<h4><span style=\"color: #dd5a27;\">F\u00f6rderungen<\/span><\/h4>\n<p><\/p>\n<p><img loading=\"lazy\" decoding=\"async\" src=\"https:\/\/stiftung-hilfreich.de\/wp-content\/uploads\/lp-05-spiral-orange-braun.jpg\" alt=\"Symbol Orange Braune Hand mit Spiralen\" width=\"74\" height=\"74\" class=\"alignleft size-full wp-image-164\" \/>Die Gemeinde <a href=\"https:\/\/www.johannis-bs.de\" rel=\"noopener noreferrer\" target=\"_blank\"><span style=\"background-color: #D85115; color: #ffffff;\">St. Johannis &#8211; Martin Luther &#x2197;<\/span><\/a> begleitet <span style=\"background-color: #D85115; color: #ffffff;\">\u00e4ltere Menschen im Alltag<\/span>. Z.B. durch Hausbesuche, Transport zu und von Veranstaltungen, Aktionen wie Kaffeestuben und noch einiges mehr. Die vielen Ehrenamtlichen werden unterst\u00fctzt von jungen Menschen im <a href=\"https:\/\/de.wikipedia.org\/wiki\/Freiwilliges_Soziales_Jahr\" rel=\"noopener noreferrer\" target=\"_blank\"><span style=\"background-color: #D85115; color: #ffffff;\">Freiwilligen Sozialen Jahr (FSJ) &#x2197;<\/span><\/a>. Die F\u00f6rderung mit 1.000,- \u20ac hilft, diese Arbeit fortzuf\u00fchren.<\/p>\n<p><img loading=\"lazy\" decoding=\"async\" src=\"https:\/\/stiftung-hilfreich.de\/wp-content\/uploads\/lp-06-voll-braun.jpg\" alt=\"\" width=\"74\" height=\"74\" class=\"alignright aligntop wp-image-165\" \/><br \/>\nEine wirklich sch\u00f6ne Arbeit macht Frau Dipl.-Musikp\u00e4dagogin Ruth Hannemann, Gr\u00fcnderin und Leiterin von <span style=\"background-color: #A02D1B; color: #ffffff;\">Loreley, dem Kontaktchor f\u00fcr Menschen mit Demenz<\/span>. Jeder, der schon einmal selber gesungen hat, wei\u00df, wie gut das (gemeinsame) Singen sowohl der Seele als auch dem K\u00f6rper tut. Interessant ist insbesondere, dass der Musikbereich im menschlichen Gehirn von der Demenz weitestgehend verschont bleibt und dementen Menschen fr\u00fcher einmal gesungene oder oft geh\u00f6rte Lieder aus Schule, einem (Kirchen-) Chor oder auch alte Schlager sehr schnell wieder einfallen und sie mitsingen k\u00f6nnen. In diesem Chor kommt es also nicht auf musikalische F\u00e4higkeiten, sondern viel mehr auf die Freude am Singen an. In diesem Zusammenhang mag das Sprichwort von Johann Wolfgang von Goethe betrachtet werden: &#8222;Kein Wort von der alten Zauberkraft der Musik ist mir unwahrscheinlich. Wie mich der einfache Gesang angreift!&#8220;. Und die Freude am Singen k\u00f6nnen auch Angeh\u00f6rige und Freunde der Teilnehmer erleben, indem sie einfach mitmachen. Vielen Dank an Frau Hannemann f\u00fcr Ihre Initiative!<\/p>\n<p><img loading=\"lazy\" decoding=\"async\" src=\"https:\/\/stiftung-hilfreich.de\/wp-content\/uploads\/lp-07-leer-orange-braun.jpg\" alt=\"\" width=\"74\" height=\"74\" class=\"alignleft aligntop wp-image-166\" \/>Zum Leben jedes Menschen geh\u00f6rt die Trauer, wenn ein Angeh\u00f6riger der Familie stirbt. Das betrifft nat\u00fcrlich auch Kinder und Jugendliche, die aber oftmals ihre Trauer nicht oder nicht direkt zeigen (k\u00f6nnen) oder erst verz\u00f6gert in den notwendigen Trauerprozess kommen. In der Begleitung von Kindern, Jugendlichen und Familien engagieren sich auch Ehrenamtliche. Die Stiftung Hilfreich hat die <span style=\"background-color: #DD511D; color: #ffffff;\">Ausbildung<\/span> f\u00fcr <span style=\"background-color: #DD511D; color: #ffffff;\">Trauerbegleiter<\/span> gef\u00f6rdert, die f\u00fcr die <a href=\"https:\/\/www.hospizarbeit-braunschweig.de\/trauerbegleitung.html\" rel=\"noopener noreferrer\" target=\"_blank\"><span style=\"background-color: #DD511D; color: #ffffff;\">Hospizarbeit e.V. &#x2197;<\/span><\/a> in Braunschweig arbeiten.<\/p>\n<p><img loading=\"lazy\" decoding=\"async\" src=\"https:\/\/stiftung-hilfreich.de\/wp-content\/uploads\/lp-08-spiral-gelb.jpg\" alt=\"\" width=\"74\" height=\"74\" class=\"alignright aligntop wp-image-167\" \/>Die Krankheit Alzheimer beraubt einem Menschen von Vielem, nicht nur der Merkf\u00e4higkeit. Auch die Energie, Freude mit anderen Menschen zu teilen, leidet stark. \u00c4ltere, sch\u00f6ne Erinnerungen treten jedoch oft wieder zu Tage, wenn man passende Impulse gibt. So k\u00f6nnen Menschen mit Alzheimer aktiver werden und h\u00e4ufig ist der-\/diejenige mit wachsender Freude dabei. Die <a href=\"https:\/\/www.alzheimer-braunschweig.de\" rel=\"noopener noreferrer\" target=\"_blank\"><span style=\"background-color: #EEB80F;\">Alzheimer Gesellschaft Braunschweig e.V. &#x2197;<\/span><\/a> bietet mehrmals im Jahr ein <a href=\"https:\/\/www.alzheimer-braunschweig.de\/unsere-angebote\/tanzcafe\" rel=\"noopener noreferrer\" target=\"_blank\"><span style=\"background-color: #EEB80F;\">Tanzcaf\u00e9 &#x2197;<\/span><\/a> an, eine Kaffeetafel und die Musik fr\u00fcherer Schlager und bekannter Melodien. Die G\u00e4ste k\u00f6nnen tanzen, mitwippen oder einfach auch nur summen; die Musik schlie\u00dft Herz und Erinnerung auf und diese Veranstaltungen sind sehr beliebt. F\u00fcr uns war es eine Freude, die Caf\u00e9s mit einer F\u00f6rderung haben unterst\u00fctzen zu k\u00f6nnen. \u00dcbrigens: tanzen kann auch ohne erkrankt zu sein, gro\u00dfen Spa\u00df machen. Machen Sie es doch wieder einmal und sp\u00fcren Sie die Freude an Musik und Bewegung selbst.<\/p>\n","protected":false},"excerpt":{"rendered":"<p>Unser Anliegen: Unterst\u00fctzung f\u00fcr junge und alte Menschen 2016 konnten einige Projekte mit gef\u00f6rdert werden und wir m\u00f6chten diese im Folgenden kurz vorstellen. F\u00f6rderungen Die Gemeinde St. Johannis &#8211; Martin Luther &#x2197; begleitet \u00e4ltere Menschen im Alltag. Z.B. durch Hausbesuche, Transport zu und von Veranstaltungen, Aktionen wie Kaffeestuben und noch einiges mehr. Die vielen Ehrenamtlichen &hellip; <\/p>\n<p><a class=\"more-link btn\" href=\"https:\/\/stiftung-hilfreich.de\/?page_id=205\">Weiterlesen<\/a><\/p>\n","protected":false},"author":1,"featured_media":0,"parent":0,"menu_order":0,"comment_status":"closed","ping_status":"closed","template":"","meta":{"footnotes":""},"class_list":["post-205","page","type-page","status-publish","hentry","nodate","item-wrap"],"_links":{"self":[{"href":"https:\/\/stiftung-hilfreich.de\/index.php?rest_route=\/wp\/v2\/pages\/205","targetHints":{"allow":["GET"]}}],"collection":[{"href":"https:\/\/stiftung-hilfreich.de\/index.php?rest_route=\/wp\/v2\/pages"}],"about":[{"href":"https:\/\/stiftung-hilfreich.de\/index.php?rest_route=\/wp\/v2\/types\/page"}],"author":[{"embeddable":true,"href":"https:\/\/stiftung-hilfreich.de\/index.php?rest_route=\/wp\/v2\/users\/1"}],"replies":[{"embeddable":true,"href":"https:\/\/stiftung-hilfreich.de\/index.php?rest_route=%2Fwp%2Fv2%2Fcomments&post=205"}],"version-history":[{"count":36,"href":"https:\/\/stiftung-hilfreich.de\/index.php?rest_route=\/wp\/v2\/pages\/205\/revisions"}],"predecessor-version":[{"id":316,"href":"https:\/\/stiftung-hilfreich.de\/index.php?rest_route=\/wp\/v2\/pages\/205\/revisions\/316"}],"wp:attachment":[{"href":"https:\/\/stiftung-hilfreich.de\/index.php?rest_route=%2Fwp%2Fv2%2Fmedia&parent=205"}],"curies":[{"name":"wp","href":"https:\/\/api.w.org\/{rel}","templated":true}]}}