{"id":141,"date":"2018-08-16T08:10:04","date_gmt":"2018-08-16T08:10:04","guid":{"rendered":"https:\/\/stiftung-hilfreich.de\/?page_id=141"},"modified":"2023-06-22T10:21:11","modified_gmt":"2023-06-22T08:21:11","slug":"projekte-2017","status":"publish","type":"page","link":"https:\/\/stiftung-hilfreich.de\/?page_id=141","title":{"rendered":"Projekte 2017"},"content":{"rendered":"<p><img loading=\"lazy\" decoding=\"async\" src=\"https:\/\/stiftung-hilfreich.de\/wp-content\/uploads\/haende.jpg\" width=\"1170\" height=\"100\" \/><\/p>\n<h3><span style=\"color: #dd5a27;\">Kleine und gro\u00dfe Spuren f\u00fcr Jung und Alt<\/span><\/h3>\n<p>2017 sind auch wieder Projekte (mit) gef\u00f6rdert worden, die schon in 2016 eine Zuwendung erhalten haben. Au\u00dferdem kamen neue, spannende und ber\u00fchrende Projekte dazu.<\/p>\n<h4><span style=\"color: #dd5a27;\">F\u00f6rderungen<\/span><\/h4>\n<p><img loading=\"lazy\" decoding=\"async\" src=\"https:\/\/stiftung-hilfreich.de\/wp-content\/uploads\/lp-3-voll-rotbraun.jpg\" alt=\"Rotbraune Hand\" width=\"74\" height=\"74\" class=\"alignright aligntop wp-image-164\" \/>Zum &#8222;Ernst des Lebens&#8220; geh\u00f6rt eben auch das ernste Thema Sterben. Hospizarbeit leistet wertvolle Hilfe, um sich w\u00fcrdevoll und begleitet verabschieden zu k\u00f6nnen. Da kranke, schwache Menschen oft nicht mehr mit Worten ausdr\u00fccken k\u00f6nnen, was sie brauchen (z.B. an Zuwendung), m\u00fcssen die Pflegenden andere Wege finden zur Kommunikation. Eine Mitarbeiterin des <a href=\"https:\/\/hospiz-braunschweig.de\" rel=\"noopener noreferrer\" target=\"_blank\"><span style=\"background-color: #c75423; color: #ffffff;\">Hospiz &#8222;Am Hohen Tore&#8220; &#x2197;<\/span><\/a> in Braunschweig hat daf\u00fcr eine <span style=\"background-color: #c75423; color: #ffffff;\">Weiterbildung<\/span> in der <a href=\"https:\/\/de.wikipedia.org\/wiki\/Basale_Stimulation\" rel=\"noopener noreferrer\" target=\"_blank\"><span style=\"background-color: #c75423; color: #ffffff;\">&#8222;Basalen Stimulation&#8220; &#x2197;<\/span><\/a> absolviert. An der Finanzierung der Weiterbildung haben wir uns beteiligt. Das erworbene Wissen und die F\u00e4higkeiten k\u00f6nnen multiplikativ in der praktischen Arbeit an weitere Hospiz-Mitarbeiter weitergegeben werden. Vielen Dank f\u00fcr Ihre Arbeit!<\/p>\n<p id=\"2017verfb\"><img loading=\"lazy\" decoding=\"async\" src=\"https:\/\/stiftung-hilfreich.de\/wp-content\/uploads\/lp-4-leer-gr\u00fcn.jpg\" alt=\"Gr\u00fcne Hand Fingerfarben\" width=\"74\" height=\"74\" class=\"alignright size-full wp-image-148\" \/>Der Projekttitel &#8222;Sensibilisierung von Verfahrensbeist\u00e4nden: Methoden im Umgang mit hochkonflikten Familien&#8220; klingt schon schwierig. Die Arbeit dahinter ist sicher alles andere als einfach. Jedoch sehr notwendig. Leider werden allzu h\u00e4ufig Ehen geschieden, in denen auch die Kinder von der Trennung mit betroffen sind. In den Verfahren gibt es unterschiedliche Beteiligte, deren Beurteilung ausschlaggebend ist. Nicht nur Richter und Rechtsanw\u00e4lte, sondern auch z.B. Sozialarbeiter und Mitarbeiter des Jugendamtes. Es soll der Kindeswille herausgefunden werden und vor allem Schaden vom Kind abgewendet werden. Im gef\u00f6rderten Projekt wurden die verschiedenen <span style=\"background-color: #85bb27; color: #ffffff;\">Verfahrensbeist\u00e4nde<\/span> zusammengebracht und <span style=\"background-color: #85bb27; color: #ffffff;\">geschult<\/span>. Damit werden f\u00fcr kommende Trennungsverfahren ein besseres, gemeinsames Verst\u00e4ndnis und die Zusammenarbeit im Interesse von Kindern erleichtert.<\/p>\n<p><img loading=\"lazy\" decoding=\"async\" src=\"https:\/\/stiftung-hilfreich.de\/wp-content\/uploads\/lp-05-spiral-orange-braun.jpg\" alt=\"Symbol Orange Braune Hand mit Spiralen\" width=\"74\" height=\"74\" class=\"alignleft size-full wp-image-164\" \/>Die Gemeinde <a href=\"https:\/\/www.johannis-bs.de\" rel=\"noopener noreferrer\" target=\"_blank\"><span style=\"background-color: #D85115; color: #ffffff;\">St. Johannis &#8211; Martin Luther &#x2197;<\/span><\/a> begleitet <span style=\"background-color: #D85115; color: #ffffff;\">\u00e4ltere Menschen im Alltag<\/span>. Z.B. durch Hausbesuche, Transport zu und von Veranstaltungen, Aktionen wie Kaffeestuben und noch einiges mehr. Die vielen Ehrenamtlichen werden unterst\u00fctzt von jungen Menschen im <a href=\"https:\/\/de.wikipedia.org\/wiki\/Freiwilliges_Soziales_Jahr\" rel=\"noopener noreferrer\" target=\"_blank\"><span style=\"background-color: #D85115; color: #ffffff;\">Freiwilligen Sozialen Jahr (FSJ) &#x2197;<\/span><\/a>. Wie im vergangenen Jahr konnten wir mit 1.000,- \u20ac F\u00f6rderung helfen.<\/p>\n","protected":false},"excerpt":{"rendered":"<p>Kleine und gro\u00dfe Spuren f\u00fcr Jung und Alt 2017 sind auch wieder Projekte (mit) gef\u00f6rdert worden, die schon in 2016 eine Zuwendung erhalten haben. Au\u00dferdem kamen neue, spannende und ber\u00fchrende Projekte dazu. F\u00f6rderungen Zum &#8222;Ernst des Lebens&#8220; geh\u00f6rt eben auch das ernste Thema Sterben. Hospizarbeit leistet wertvolle Hilfe, um sich w\u00fcrdevoll und begleitet verabschieden zu &hellip; <\/p>\n<p><a class=\"more-link btn\" href=\"https:\/\/stiftung-hilfreich.de\/?page_id=141\">Weiterlesen<\/a><\/p>\n","protected":false},"author":1,"featured_media":0,"parent":0,"menu_order":0,"comment_status":"closed","ping_status":"closed","template":"","meta":{"footnotes":""},"class_list":["post-141","page","type-page","status-publish","hentry","nodate","item-wrap"],"_links":{"self":[{"href":"https:\/\/stiftung-hilfreich.de\/index.php?rest_route=\/wp\/v2\/pages\/141","targetHints":{"allow":["GET"]}}],"collection":[{"href":"https:\/\/stiftung-hilfreich.de\/index.php?rest_route=\/wp\/v2\/pages"}],"about":[{"href":"https:\/\/stiftung-hilfreich.de\/index.php?rest_route=\/wp\/v2\/types\/page"}],"author":[{"embeddable":true,"href":"https:\/\/stiftung-hilfreich.de\/index.php?rest_route=\/wp\/v2\/users\/1"}],"replies":[{"embeddable":true,"href":"https:\/\/stiftung-hilfreich.de\/index.php?rest_route=%2Fwp%2Fv2%2Fcomments&post=141"}],"version-history":[{"count":59,"href":"https:\/\/stiftung-hilfreich.de\/index.php?rest_route=\/wp\/v2\/pages\/141\/revisions"}],"predecessor-version":[{"id":544,"href":"https:\/\/stiftung-hilfreich.de\/index.php?rest_route=\/wp\/v2\/pages\/141\/revisions\/544"}],"wp:attachment":[{"href":"https:\/\/stiftung-hilfreich.de\/index.php?rest_route=%2Fwp%2Fv2%2Fmedia&parent=141"}],"curies":[{"name":"wp","href":"https:\/\/api.w.org\/{rel}","templated":true}]}}