{"id":13,"date":"2017-12-14T10:16:06","date_gmt":"2017-12-14T10:16:06","guid":{"rendered":"http:\/\/stiftung-hilfreich.de\/?page_id=13"},"modified":"2022-04-07T11:10:13","modified_gmt":"2022-04-07T09:10:13","slug":"ueber-die-stiftung","status":"publish","type":"page","link":"https:\/\/stiftung-hilfreich.de\/?page_id=13","title":{"rendered":"\u00dcber die Stiftung"},"content":{"rendered":"<p><img loading=\"lazy\" decoding=\"async\" class=\"\" src=\"https:\/\/stiftung-hilfreich.de\/wp-content\/uploads\/baum.jpg\" width=\"183\" height=\"165\" \/><\/p>\n<p>Im Jahr 2011 wurde die Stiftung Hilfreich gegr\u00fcndet. <a href=\"https:\/\/stiftung-hilfreich.de\/?page_id=374\"><span style=\"background-color: #f8ba0a;\">Geschichte der Stiftung<\/span> &#x2197;<\/a><\/p>\n<p><span style=\"color: #16479f;\">Die Stiftung hat den Zweck, Bildung und Erziehung, Kinder- und Jugendf\u00f6rderung, Seniorenarbeit und Gesundheit sowie die V\u00f6lkerverst\u00e4ndigung zum Wohl der Menschen nachhaltig selbstlos zu f\u00f6rdern und zu entwickeln.<\/span><\/p>\n<p><span style=\"color: #16479f;\">All das kann eine Stiftung aber nur, wenn das Stiftungskapital best\u00e4ndig w\u00e4chst, denn ausschlie\u00dflich die Ertr\u00e4ge des Kapitals und zus\u00e4tzliche Spenden d\u00fcrfen f\u00fcr die Arbeit genutzt werden.<\/span><\/p>\n<p><span style=\"color: #16479f;\">Der Vorteil einer Stiftung ist aber genau dieses Kapital \u2013 das nicht angefasst werden darf. F\u00fcr die Stiftung Hilfreich haben sich die Initiatoren zur Gr\u00fcndung einer Treuhandstiftung unter dem Dach der B\u00fcrgerstiftung Braunschweig entschieden. Sie tr\u00e4gt seit 2015 das Qualit\u00e4tssiegel f\u00fcr gute Treuhandstiftungsverwaltung.<\/span><\/p>\n<p><span style=\"color: #16479f;\">Eine Treuhandstiftung, die auch als unselbstst\u00e4ndige oder nichtrechtsf\u00e4hige Stiftung bezeichnet wird, wird durch einen Vertrag zwischen dem Stifter und einem Treuh\u00e4nder \u2013 in diesem Fall die B\u00fcrgerstiftung Braunschweig &#8211; errichtet. Der Stifter \u00fcbertr\u00e4gt das Stiftungsverm\u00f6gen dem Treuh\u00e4nder, der es getrennt von seinem eigenen Verm\u00f6gen gem\u00e4\u00df den Satzungsbestimmungen der Stiftung verwaltet. Anders als eine rechtsf\u00e4hige Stiftung verf\u00fcgt eine Treuhandstiftung nicht \u00fcber eine eigene Rechtspers\u00f6nlichkeit.<\/span><\/p>\n<p><!--\n<span style=\"color: #16479f;\">Die zukunftsf\u00e4hige Arbeit der Stiftung wird durch den Stiftungsrat <a href=\"https:\/\/stiftung-hilfreich.de\/?page_id=374\"><span style=\"background-color: #f8ba0a;\">&#x2197;<\/span><\/a> der Stiftung Hilfreich gesichert. Er besteht aus drei Mitgliedern und entscheidet in Absprache mit dem Vorstand der B\u00fcrgerstiftung Braunschweig \u00fcber Projekte und F\u00f6rderungen.<\/span>\n--><\/p>\n<p><span style=\"color: #16479f;\">Die zukunftsf\u00e4hige Arbeit der Stiftung wird durch den <a href=\"https:\/\/stiftung-hilfreich.de\/?page_id=469\"><span style=\"background-color: #f8ba0a;\">Stiftungsrat<\/span> &#x2197;<\/a> der Stiftung Hilfreich gesichert. Er besteht aus drei Mitgliedern und entscheidet in Absprache mit dem Vorstand der B\u00fcrgerstiftung Braunschweig \u00fcber Projekte und F\u00f6rderungen.<\/span><\/p>\n","protected":false},"excerpt":{"rendered":"<p>Im Jahr 2011 wurde die Stiftung Hilfreich gegr\u00fcndet. Geschichte der Stiftung &#x2197; Die Stiftung hat den Zweck, Bildung und Erziehung, Kinder- und Jugendf\u00f6rderung, Seniorenarbeit und Gesundheit sowie die V\u00f6lkerverst\u00e4ndigung zum Wohl der Menschen nachhaltig selbstlos zu f\u00f6rdern und zu entwickeln. All das kann eine Stiftung aber nur, wenn das Stiftungskapital best\u00e4ndig w\u00e4chst, denn ausschlie\u00dflich die &hellip; <\/p>\n<p><a class=\"more-link btn\" href=\"https:\/\/stiftung-hilfreich.de\/?page_id=13\">Weiterlesen<\/a><\/p>\n","protected":false},"author":1,"featured_media":0,"parent":0,"menu_order":1,"comment_status":"closed","ping_status":"closed","template":"","meta":{"footnotes":""},"class_list":["post-13","page","type-page","status-publish","hentry","nodate","item-wrap"],"_links":{"self":[{"href":"https:\/\/stiftung-hilfreich.de\/index.php?rest_route=\/wp\/v2\/pages\/13","targetHints":{"allow":["GET"]}}],"collection":[{"href":"https:\/\/stiftung-hilfreich.de\/index.php?rest_route=\/wp\/v2\/pages"}],"about":[{"href":"https:\/\/stiftung-hilfreich.de\/index.php?rest_route=\/wp\/v2\/types\/page"}],"author":[{"embeddable":true,"href":"https:\/\/stiftung-hilfreich.de\/index.php?rest_route=\/wp\/v2\/users\/1"}],"replies":[{"embeddable":true,"href":"https:\/\/stiftung-hilfreich.de\/index.php?rest_route=%2Fwp%2Fv2%2Fcomments&post=13"}],"version-history":[{"count":36,"href":"https:\/\/stiftung-hilfreich.de\/index.php?rest_route=\/wp\/v2\/pages\/13\/revisions"}],"predecessor-version":[{"id":478,"href":"https:\/\/stiftung-hilfreich.de\/index.php?rest_route=\/wp\/v2\/pages\/13\/revisions\/478"}],"wp:attachment":[{"href":"https:\/\/stiftung-hilfreich.de\/index.php?rest_route=%2Fwp%2Fv2%2Fmedia&parent=13"}],"curies":[{"name":"wp","href":"https:\/\/api.w.org\/{rel}","templated":true}]}}